{"id":44825,"date":"2022-04-24T14:49:04","date_gmt":"2022-04-24T12:49:04","guid":{"rendered":"https:\/\/www.hyamarkt.de\/produkt\/belotero-volume-lidocaine-2x1ml\/"},"modified":"2026-04-14T11:49:15","modified_gmt":"2026-04-14T09:49:15","slug":"belotero-volume-lidocaine-2x1ml","status":"publish","type":"product","link":"https:\/\/www.hyamarkt.de\/en\/produkt\/belotero-volume-lidocaine-2x1ml\/","title":{"rendered":"Belotero Volume Lidocaine (2\u00d71ml)"},"content":{"rendered":"<p><strong>Belotero Volume Lidocaine<\/strong> is designed to restore facial volume lost as part of the natural ageing process. Over time, the face may lose its natural volume, which can contribute to wrinkles and skin laxity. This product is developed to help compensate for this volume loss and support a natural-looking appearance.<\/p>\n<p><strong>Benefits of Belotero:<\/strong><\/p>\n<ul>\n<li><strong>Volume restoration:<\/strong> The hyaluronic acid filler is injected beneath the skin to add volume and help reduce the appearance of wrinkles.<\/li>\n<li><strong>Adaptability:<\/strong> Belotero Volume can be tailored to individual patient needs, supporting natural-looking results.<\/li>\n<li><strong>Performance:<\/strong> Provides a pronounced volumising effect with good mouldability.<\/li>\n<li><strong>Application:<\/strong> Designed for controlled and individualised use.<\/li>\n<\/ul>\n","protected":false},"excerpt":{"rendered":"<p>Belotero Volume Lidocaine contains elastic, easy-to-mould hyaluronic acid that helps restore facial volume.<br \/>\nThanks to its properties, the product is suitable for the treatment of:<br \/>\nCheeks<br \/>\nCheek area<br \/>\nChin<br \/>\nFacial volume loss associated with the ageing process.<br \/>\nImages are for illustrative purposes only. Product appearance may vary from the delivered item.<\/p>\n","protected":false},"featured_media":38219,"comment_status":"open","ping_status":"closed","template":"","meta":{"_acf_changed":false},"product_hersteller":[494],"product_brand":[],"product_cat":[791],"product_tag":[817],"class_list":{"0":"post-44825","1":"product","2":"type-product","3":"status-publish","4":"has-post-thumbnail","6":"product_hersteller-merz","7":"product_cat-dermal-filler","8":"product_tag-belotero","10":"first","11":"instock","12":"sale","13":"taxable","14":"shipping-taxable","15":"purchasable","16":"product-type-simple"},"acf":[],"yoast_head":"<!-- This site is optimized with the Yoast SEO Premium plugin v27.1 (Yoast SEO v27.4) - https:\/\/yoast.com\/product\/yoast-seo-premium-wordpress\/ -->\n<title>Belotero Volume Lidocaine (2x1ml) \u2013 Hyaluronic Acid Dermal Filler for Deep Volume &amp; Contouring<\/title>\n<meta name=\"description\" content=\"Belotero Volume Lidocaine dermal filler restores deep facial volume, enhances contours, and ensures comfortable treatment with lidocaine.\" \/>\n<meta name=\"robots\" content=\"index, follow, max-snippet:-1, max-image-preview:large, max-video-preview:-1\" \/>\n<link rel=\"canonical\" href=\"https:\/\/www.hyamarkt.de\/en\/produkt\/belotero-volume-lidocaine-2x1ml\/\/\" \/>\n<meta property=\"og:locale\" content=\"en_US\" \/>\n<meta property=\"og:type\" content=\"article\" \/>\n<meta property=\"og:title\" content=\"Belotero Volume Lidocaine (2\u00d71ml)\" \/>\n<meta property=\"og:description\" content=\"Belotero Volume Lidocaine dermal filler restores deep facial volume, enhances contours, and ensures comfortable treatment with lidocaine.\" \/>\n<meta property=\"og:url\" content=\"https:\/\/www.hyamarkt.de\/en\/produkt\/belotero-volume-lidocaine-2x1ml\/\" \/>\n<meta property=\"og:site_name\" content=\"HyaMarkt\" \/>\n<meta property=\"article:modified_time\" content=\"2026-04-14T09:49:15+00:00\" \/>\n<meta property=\"og:image\" content=\"https:\/\/www.hyamarkt.de\/wp-content\/uploads\/2022\/04\/Belotero-VOLUME-LIDOCAINE-2\u00d71ML-front.jpg\" \/>\n\t<meta property=\"og:image:width\" content=\"2160\" \/>\n\t<meta property=\"og:image:height\" content=\"2160\" \/>\n\t<meta property=\"og:image:type\" content=\"image\/jpeg\" \/>\n<meta name=\"twitter:card\" content=\"summary_large_image\" \/>\n<meta name=\"twitter:label1\" content=\"Price\" \/>\n\t<meta name=\"twitter:data1\" content=\"183,26&nbsp;&euro;\" \/>\n\t<meta name=\"twitter:label2\" content=\"Availability\" \/>\n\t<meta name=\"twitter:data2\" content=\"In stock\" \/>\n<script type=\"application\/ld+json\" class=\"yoast-schema-graph\">{\"@context\":\"https:\\\/\\\/schema.org\",\"@graph\":[{\"@type\":[\"WebPage\",\"ItemPage\"],\"@id\":\"https:\\\/\\\/www.hyamarkt.de\\\/en\\\/produkt\\\/belotero-volume-lidocaine-2x1ml\\\/\",\"url\":\"https:\\\/\\\/www.hyamarkt.de\\\/en\\\/produkt\\\/belotero-volume-lidocaine-2x1ml\\\/\",\"name\":\"Belotero Volume Lidocaine (2x1ml) \u2013 Hyaluronic Acid Dermal Filler for Deep Volume & Contouring\",\"isPartOf\":{\"@id\":\"https:\\\/\\\/www.hyamarkt.de\\\/en\\\/#website\"},\"primaryImageOfPage\":{\"@id\":\"https:\\\/\\\/www.hyamarkt.de\\\/en\\\/produkt\\\/belotero-volume-lidocaine-2x1ml\\\/#primaryimage\"},\"image\":{\"@id\":\"https:\\\/\\\/www.hyamarkt.de\\\/en\\\/produkt\\\/belotero-volume-lidocaine-2x1ml\\\/#primaryimage\"},\"thumbnailUrl\":\"https:\\\/\\\/www.hyamarkt.de\\\/wp-content\\\/uploads\\\/2022\\\/04\\\/Belotero-VOLUME-LIDOCAINE-2\u00d71ML-front.jpg\",\"datePublished\":\"2022-04-24T12:49:04+00:00\",\"dateModified\":\"2026-04-14T09:49:15+00:00\",\"description\":\"Belotero Volume Lidocaine dermal filler restores deep facial volume, enhances contours, and ensures comfortable treatment with lidocaine.\",\"breadcrumb\":{\"@id\":\"https:\\\/\\\/www.hyamarkt.de\\\/en\\\/produkt\\\/belotero-volume-lidocaine-2x1ml\\\/#breadcrumb\"},\"inLanguage\":\"en-US\",\"potentialAction\":[{\"@type\":\"ReadAction\",\"target\":[\"https:\\\/\\\/www.hyamarkt.de\\\/en\\\/produkt\\\/belotero-volume-lidocaine-2x1ml\\\/\"]}]},{\"@type\":\"ImageObject\",\"inLanguage\":\"en-US\",\"@id\":\"https:\\\/\\\/www.hyamarkt.de\\\/en\\\/produkt\\\/belotero-volume-lidocaine-2x1ml\\\/#primaryimage\",\"url\":\"https:\\\/\\\/www.hyamarkt.de\\\/wp-content\\\/uploads\\\/2022\\\/04\\\/Belotero-VOLUME-LIDOCAINE-2\u00d71ML-front.jpg\",\"contentUrl\":\"https:\\\/\\\/www.hyamarkt.de\\\/wp-content\\\/uploads\\\/2022\\\/04\\\/Belotero-VOLUME-LIDOCAINE-2\u00d71ML-front.jpg\",\"width\":2160,\"height\":2160,\"caption\":\"Belotero Volume Lidocaine 2\u00d71ml \u2013 front view\"},{\"@type\":\"BreadcrumbList\",\"@id\":\"https:\\\/\\\/www.hyamarkt.de\\\/en\\\/produkt\\\/belotero-volume-lidocaine-2x1ml\\\/#breadcrumb\",\"itemListElement\":[{\"@type\":\"ListItem\",\"position\":1,\"name\":\"Startseite\",\"item\":\"https:\\\/\\\/www.hyamarkt.de\\\/en\\\/\"},{\"@type\":\"ListItem\",\"position\":2,\"name\":\"Shop\",\"item\":\"https:\\\/\\\/www.hyamarkt.de\\\/shop\\\/\"},{\"@type\":\"ListItem\",\"position\":3,\"name\":\"Belotero Volume Lidocaine (2\u00d71ml)\"}]},{\"@type\":\"WebSite\",\"@id\":\"https:\\\/\\\/www.hyamarkt.de\\\/en\\\/#website\",\"url\":\"https:\\\/\\\/www.hyamarkt.de\\\/en\\\/\",\"name\":\"HyaMarkt\",\"description\":\"\",\"publisher\":{\"@id\":\"https:\\\/\\\/www.hyamarkt.de\\\/en\\\/#organization\"},\"potentialAction\":[{\"@type\":\"SearchAction\",\"target\":{\"@type\":\"EntryPoint\",\"urlTemplate\":\"https:\\\/\\\/www.hyamarkt.de\\\/en\\\/?s={search_term_string}\"},\"query-input\":{\"@type\":\"PropertyValueSpecification\",\"valueRequired\":true,\"valueName\":\"search_term_string\"}}],\"inLanguage\":\"en-US\"},{\"@type\":\"Organization\",\"@id\":\"https:\\\/\\\/www.hyamarkt.de\\\/en\\\/#organization\",\"name\":\"HyaMarkt\",\"url\":\"https:\\\/\\\/www.hyamarkt.de\\\/en\\\/\",\"logo\":{\"@type\":\"ImageObject\",\"inLanguage\":\"en-US\",\"@id\":\"https:\\\/\\\/www.hyamarkt.de\\\/en\\\/#\\\/schema\\\/logo\\\/image\\\/\",\"url\":\"https:\\\/\\\/www.hyamarkt.de\\\/wp-content\\\/uploads\\\/2025\\\/10\\\/Hyamarkt-.png\",\"contentUrl\":\"https:\\\/\\\/www.hyamarkt.de\\\/wp-content\\\/uploads\\\/2025\\\/10\\\/Hyamarkt-.png\",\"width\":696,\"height\":696,\"caption\":\"HyaMarkt\"},\"image\":{\"@id\":\"https:\\\/\\\/www.hyamarkt.de\\\/en\\\/#\\\/schema\\\/logo\\\/image\\\/\"},\"description\":\"HyaMarkt ist dein Online Shop f\u00fcr die \u00e4sthetische Medizin. 10 Jahre Erfahrung im Bereich Sch\u00f6nheitsprodukte. F\u00fchrender Online-Shop f\u00fcr \u00e4sthetische Medizinprodukte. Unser Sortiment umfasst hochwertige Produkte, die Ihren \u00e4sthetischen Bed\u00fcrfnissen gerecht werden. Wir bieten eine Vielzahl von Injektionspr\u00e4paraten auf Hyalurons\u00e4urebasis anzubieten. Diese Produkte werden in der \u00e4sthetischen Medizin zur Behandlung von Falten, Volumenaufbau und Lippenvergr\u00f6\u00dferung verwendet. Unser Angebot umfasst auch Peelings, Produkte f\u00fcr die Mesotherapie, sowie Zubeh\u00f6r und Verbrauchsmaterialien.\",\"email\":\"kontakt@hyamarkt.de\",\"telephone\":\"+49 511 653 91 799\",\"legalName\":\"EB Beautywell Trading GmbH\"}]}<\/script>\n<meta property=\"product:price:amount\" content=\"183.26\" \/>\n<meta property=\"product:price:currency\" content=\"EUR\" \/>\n<meta property=\"og:availability\" content=\"instock\" \/>\n<meta property=\"product:availability\" content=\"instock\" \/>\n<meta property=\"product:retailer_item_id\" content=\"00109\" \/>\n<meta property=\"product:condition\" content=\"new\" \/>\n<!-- \/ Yoast SEO Premium plugin. -->","yoast_head_json":{"title":"Belotero Volume Lidocaine (2x1ml) \u2013 Hyaluronic Acid Dermal Filler for Deep Volume & Contouring","description":"Belotero Volume Lidocaine dermal filler restores deep facial volume, enhances contours, and ensures comfortable treatment with lidocaine.","robots":{"index":"index","follow":"follow","max-snippet":"max-snippet:-1","max-image-preview":"max-image-preview:large","max-video-preview":"max-video-preview:-1"},"canonical":"https:\/\/www.hyamarkt.de\/en\/produkt\/belotero-volume-lidocaine-2x1ml\/\/","og_locale":"en_US","og_type":"article","og_title":"Belotero Volume Lidocaine (2\u00d71ml)","og_description":"Belotero Volume Lidocaine dermal filler restores deep facial volume, enhances contours, and ensures comfortable treatment with lidocaine.","og_url":"https:\/\/www.hyamarkt.de\/en\/produkt\/belotero-volume-lidocaine-2x1ml\/","og_site_name":"HyaMarkt","article_modified_time":"2026-04-14T09:49:15+00:00","og_image":[{"width":2160,"height":2160,"url":"https:\/\/www.hyamarkt.de\/wp-content\/uploads\/2022\/04\/Belotero-VOLUME-LIDOCAINE-2\u00d71ML-front.jpg","type":"image\/jpeg"}],"twitter_card":"summary_large_image","twitter_misc":{"Price":"183,26&nbsp;&euro;","Availability":"In stock"},"schema":{"@context":"https:\/\/schema.org","@graph":[{"@type":["WebPage","ItemPage"],"@id":"https:\/\/www.hyamarkt.de\/en\/produkt\/belotero-volume-lidocaine-2x1ml\/","url":"https:\/\/www.hyamarkt.de\/en\/produkt\/belotero-volume-lidocaine-2x1ml\/","name":"Belotero Volume Lidocaine (2x1ml) \u2013 Hyaluronic Acid Dermal Filler for Deep Volume & Contouring","isPartOf":{"@id":"https:\/\/www.hyamarkt.de\/en\/#website"},"primaryImageOfPage":{"@id":"https:\/\/www.hyamarkt.de\/en\/produkt\/belotero-volume-lidocaine-2x1ml\/#primaryimage"},"image":{"@id":"https:\/\/www.hyamarkt.de\/en\/produkt\/belotero-volume-lidocaine-2x1ml\/#primaryimage"},"thumbnailUrl":"https:\/\/www.hyamarkt.de\/wp-content\/uploads\/2022\/04\/Belotero-VOLUME-LIDOCAINE-2\u00d71ML-front.jpg","datePublished":"2022-04-24T12:49:04+00:00","dateModified":"2026-04-14T09:49:15+00:00","description":"Belotero Volume Lidocaine dermal filler restores deep facial volume, enhances contours, and ensures comfortable treatment with lidocaine.","breadcrumb":{"@id":"https:\/\/www.hyamarkt.de\/en\/produkt\/belotero-volume-lidocaine-2x1ml\/#breadcrumb"},"inLanguage":"en-US","potentialAction":[{"@type":"ReadAction","target":["https:\/\/www.hyamarkt.de\/en\/produkt\/belotero-volume-lidocaine-2x1ml\/"]}]},{"@type":"ImageObject","inLanguage":"en-US","@id":"https:\/\/www.hyamarkt.de\/en\/produkt\/belotero-volume-lidocaine-2x1ml\/#primaryimage","url":"https:\/\/www.hyamarkt.de\/wp-content\/uploads\/2022\/04\/Belotero-VOLUME-LIDOCAINE-2\u00d71ML-front.jpg","contentUrl":"https:\/\/www.hyamarkt.de\/wp-content\/uploads\/2022\/04\/Belotero-VOLUME-LIDOCAINE-2\u00d71ML-front.jpg","width":2160,"height":2160,"caption":"Belotero Volume Lidocaine 2\u00d71ml \u2013 front view"},{"@type":"BreadcrumbList","@id":"https:\/\/www.hyamarkt.de\/en\/produkt\/belotero-volume-lidocaine-2x1ml\/#breadcrumb","itemListElement":[{"@type":"ListItem","position":1,"name":"Startseite","item":"https:\/\/www.hyamarkt.de\/en\/"},{"@type":"ListItem","position":2,"name":"Shop","item":"https:\/\/www.hyamarkt.de\/shop\/"},{"@type":"ListItem","position":3,"name":"Belotero Volume Lidocaine (2\u00d71ml)"}]},{"@type":"WebSite","@id":"https:\/\/www.hyamarkt.de\/en\/#website","url":"https:\/\/www.hyamarkt.de\/en\/","name":"HyaMarkt","description":"","publisher":{"@id":"https:\/\/www.hyamarkt.de\/en\/#organization"},"potentialAction":[{"@type":"SearchAction","target":{"@type":"EntryPoint","urlTemplate":"https:\/\/www.hyamarkt.de\/en\/?s={search_term_string}"},"query-input":{"@type":"PropertyValueSpecification","valueRequired":true,"valueName":"search_term_string"}}],"inLanguage":"en-US"},{"@type":"Organization","@id":"https:\/\/www.hyamarkt.de\/en\/#organization","name":"HyaMarkt","url":"https:\/\/www.hyamarkt.de\/en\/","logo":{"@type":"ImageObject","inLanguage":"en-US","@id":"https:\/\/www.hyamarkt.de\/en\/#\/schema\/logo\/image\/","url":"https:\/\/www.hyamarkt.de\/wp-content\/uploads\/2025\/10\/Hyamarkt-.png","contentUrl":"https:\/\/www.hyamarkt.de\/wp-content\/uploads\/2025\/10\/Hyamarkt-.png","width":696,"height":696,"caption":"HyaMarkt"},"image":{"@id":"https:\/\/www.hyamarkt.de\/en\/#\/schema\/logo\/image\/"},"description":"HyaMarkt ist dein Online Shop f\u00fcr die \u00e4sthetische Medizin. 10 Jahre Erfahrung im Bereich Sch\u00f6nheitsprodukte. F\u00fchrender Online-Shop f\u00fcr \u00e4sthetische Medizinprodukte. Unser Sortiment umfasst hochwertige Produkte, die Ihren \u00e4sthetischen Bed\u00fcrfnissen gerecht werden. Wir bieten eine Vielzahl von Injektionspr\u00e4paraten auf Hyalurons\u00e4urebasis anzubieten. Diese Produkte werden in der \u00e4sthetischen Medizin zur Behandlung von Falten, Volumenaufbau und Lippenvergr\u00f6\u00dferung verwendet. Unser Angebot umfasst auch Peelings, Produkte f\u00fcr die Mesotherapie, sowie Zubeh\u00f6r und Verbrauchsmaterialien.","email":"kontakt@hyamarkt.de","telephone":"+49 511 653 91 799","legalName":"EB Beautywell Trading GmbH"}]},"product_price_amount":"183.26","product_price_currency":"EUR","og_availability":"instock","product_availability":"instock","product_retailer_item_id":"00109","product_condition":"new"},"jetpack_sharing_enabled":true,"_links":{"self":[{"href":"https:\/\/www.hyamarkt.de\/en\/wp-json\/wp\/v2\/product\/44825","targetHints":{"allow":["GET"]}}],"collection":[{"href":"https:\/\/www.hyamarkt.de\/en\/wp-json\/wp\/v2\/product"}],"about":[{"href":"https:\/\/www.hyamarkt.de\/en\/wp-json\/wp\/v2\/types\/product"}],"replies":[{"embeddable":true,"href":"https:\/\/www.hyamarkt.de\/en\/wp-json\/wp\/v2\/comments?post=44825"}],"wp:featuredmedia":[{"embeddable":true,"href":"https:\/\/www.hyamarkt.de\/en\/wp-json\/wp\/v2\/media\/38219"}],"wp:attachment":[{"href":"https:\/\/www.hyamarkt.de\/en\/wp-json\/wp\/v2\/media?parent=44825"}],"wp:term":[{"taxonomy":"product_hersteller","embeddable":true,"href":"https:\/\/www.hyamarkt.de\/en\/wp-json\/wp\/v2\/product_hersteller?post=44825"},{"taxonomy":"product_brand","embeddable":true,"href":"https:\/\/www.hyamarkt.de\/en\/wp-json\/wp\/v2\/product_brand?post=44825"},{"taxonomy":"product_cat","embeddable":true,"href":"https:\/\/www.hyamarkt.de\/en\/wp-json\/wp\/v2\/product_cat?post=44825"},{"taxonomy":"product_tag","embeddable":true,"href":"https:\/\/www.hyamarkt.de\/en\/wp-json\/wp\/v2\/product_tag?post=44825"}],"curies":[{"name":"wp","href":"https:\/\/api.w.org\/{rel}","templated":true}]}}