{"id":44792,"date":"2023-08-22T10:12:18","date_gmt":"2023-08-22T08:12:18","guid":{"rendered":"https:\/\/www.hyamarkt.de\/produkt\/aqualyx-cosmetic-10x8ml\/"},"modified":"2026-04-13T21:03:32","modified_gmt":"2026-04-13T19:03:32","slug":"aqualyx-cosmetic-10x8ml","status":"publish","type":"product","link":"https:\/\/www.hyamarkt.de\/en\/produkt\/aqualyx-cosmetic-10x8ml\/","title":{"rendered":"Aqualyx cosmetic (10\u00d78ml)"},"content":{"rendered":"<p>&lt;em&gt;&lt;strong&gt;Aqualyx cosmetic&lt;\/strong&gt;&lt;\/em&gt; is not a dermal filler, but a fat-dissolving solution. The treatment is performed using intralipotherapy needles (not included).<\/p>\n<p>The active ingredient, deoxycholic acid, helps break down localised fat deposits that may persist despite diet and exercise.<\/p>\n<p>Deoxycholic acid is naturally present in the body, where it plays a role in breaking down and emulsifying fats before they are absorbed in the digestive system.<\/p>\n<p>Common areas where localised fat or cellulite may occur include:<br \/>\n&lt;ul&gt;<br \/>\n&lt;li&gt;Thighs&lt;\/li&gt;<br \/>\n&lt;li&gt;Abdomen&lt;\/li&gt;<br \/>\n&lt;li&gt;Buttocks&lt;\/li&gt;<br \/>\n&lt;li&gt;Hips&lt;\/li&gt;<br \/>\n&lt;li&gt;Knees&lt;\/li&gt;<br \/>\n&lt;li&gt;Chin&lt;\/li&gt;<br \/>\n&lt;li&gt;Saddlebags&lt;\/li&gt;<br \/>\n&lt;li&gt;Male chest area&lt;\/li&gt;<br \/>\n&lt;\/ul&gt;<br \/>\nIndividuals with localised adiposity, meaning accumulations of subcutaneous fat that do not respond significantly to diet and physical activity, may be suitable candidates for treatment with ultrasound and &lt;strong&gt;Aqualyx&lt;\/strong&gt;.<\/p>\n<p>For example, women may target areas such as the hips or \u201csaddlebags\u201d on the thighs, while men may choose to address abdominal fat or the appearance of a double chin.<\/p>\n","protected":false},"excerpt":{"rendered":"<p>Aqualyx cosmetic is a solution developed in Italy for use in procedures aimed at addressing localised fat deposits and the appearance of cellulite. Aqualyx is based on a modified compound from the deoxycholate family. Through the use of a slow-release, sugar-based system, the formulation is designed to optimise its activity profile and support a well-tolerated application.<\/p>\n","protected":false},"featured_media":26957,"comment_status":"open","ping_status":"closed","template":"","meta":{"_acf_changed":false},"product_hersteller":[490],"product_brand":[],"product_cat":[800],"product_tag":[819],"class_list":{"0":"post-44792","1":"product","2":"type-product","3":"status-publish","4":"has-post-thumbnail","6":"product_hersteller-marllor-biomedical","7":"product_cat-lipolytics","8":"product_tag-aqualyx","10":"first","11":"instock","12":"sale","13":"taxable","14":"shipping-taxable","15":"purchasable","16":"product-type-simple"},"acf":[],"yoast_head":"<!-- This site is optimized with the Yoast SEO Premium plugin v27.1 (Yoast SEO v27.4) - https:\/\/yoast.com\/product\/yoast-seo-premium-wordpress\/ -->\n<title>Aqualyx fat dissolving treatment<\/title>\n<meta name=\"description\" content=\"Buy Aqualyx Fat Dissolving Treatment \u2013 Professional Solution for Body Contouring\" \/>\n<meta name=\"robots\" content=\"index, follow, max-snippet:-1, max-image-preview:large, max-video-preview:-1\" \/>\n<link rel=\"canonical\" href=\"https:\/\/www.hyamarkt.de\/en\/produkt\/aqualyx-cosmetic-10x8ml\/\/\" \/>\n<meta property=\"og:locale\" content=\"en_US\" \/>\n<meta property=\"og:type\" content=\"article\" \/>\n<meta property=\"og:title\" content=\"Aqualyx cosmetic (10\u00d78ml)\" \/>\n<meta property=\"og:description\" content=\"Buy Aqualyx Fat Dissolving Treatment \u2013 Professional Solution for Body Contouring\" \/>\n<meta property=\"og:url\" content=\"https:\/\/www.hyamarkt.de\/en\/produkt\/aqualyx-cosmetic-10x8ml\/\" \/>\n<meta property=\"og:site_name\" content=\"HyaMarkt\" \/>\n<meta property=\"article:modified_time\" content=\"2026-04-13T19:03:32+00:00\" \/>\n<meta property=\"og:image\" content=\"https:\/\/www.hyamarkt.de\/wp-content\/uploads\/2023\/08\/Aqualyx-cosmetic-front.jpg\" \/>\n\t<meta property=\"og:image:width\" content=\"2160\" \/>\n\t<meta property=\"og:image:height\" content=\"2160\" \/>\n\t<meta property=\"og:image:type\" content=\"image\/jpeg\" \/>\n<meta name=\"twitter:card\" content=\"summary_large_image\" \/>\n<meta name=\"twitter:label1\" content=\"Price\" \/>\n\t<meta name=\"twitter:data1\" content=\"178,50&nbsp;&euro;\" \/>\n\t<meta name=\"twitter:label2\" content=\"Availability\" \/>\n\t<meta name=\"twitter:data2\" content=\"In stock\" \/>\n<script type=\"application\/ld+json\" class=\"yoast-schema-graph\">{\"@context\":\"https:\\\/\\\/schema.org\",\"@graph\":[{\"@type\":[\"WebPage\",\"ItemPage\"],\"@id\":\"https:\\\/\\\/www.hyamarkt.de\\\/en\\\/produkt\\\/aqualyx-cosmetic-10x8ml\\\/\",\"url\":\"https:\\\/\\\/www.hyamarkt.de\\\/en\\\/produkt\\\/aqualyx-cosmetic-10x8ml\\\/\",\"name\":\"Aqualyx fat dissolving treatment\",\"isPartOf\":{\"@id\":\"https:\\\/\\\/www.hyamarkt.de\\\/en\\\/#website\"},\"primaryImageOfPage\":{\"@id\":\"https:\\\/\\\/www.hyamarkt.de\\\/en\\\/produkt\\\/aqualyx-cosmetic-10x8ml\\\/#primaryimage\"},\"image\":{\"@id\":\"https:\\\/\\\/www.hyamarkt.de\\\/en\\\/produkt\\\/aqualyx-cosmetic-10x8ml\\\/#primaryimage\"},\"thumbnailUrl\":\"https:\\\/\\\/www.hyamarkt.de\\\/wp-content\\\/uploads\\\/2023\\\/08\\\/Aqualyx-cosmetic-front.jpg\",\"datePublished\":\"2023-08-22T08:12:18+00:00\",\"dateModified\":\"2026-04-13T19:03:32+00:00\",\"description\":\"Buy Aqualyx Fat Dissolving Treatment \u2013 Professional Solution for Body Contouring\",\"breadcrumb\":{\"@id\":\"https:\\\/\\\/www.hyamarkt.de\\\/en\\\/produkt\\\/aqualyx-cosmetic-10x8ml\\\/#breadcrumb\"},\"inLanguage\":\"en-US\",\"potentialAction\":[{\"@type\":\"ReadAction\",\"target\":[\"https:\\\/\\\/www.hyamarkt.de\\\/en\\\/produkt\\\/aqualyx-cosmetic-10x8ml\\\/\"]}]},{\"@type\":\"ImageObject\",\"inLanguage\":\"en-US\",\"@id\":\"https:\\\/\\\/www.hyamarkt.de\\\/en\\\/produkt\\\/aqualyx-cosmetic-10x8ml\\\/#primaryimage\",\"url\":\"https:\\\/\\\/www.hyamarkt.de\\\/wp-content\\\/uploads\\\/2023\\\/08\\\/Aqualyx-cosmetic-front.jpg\",\"contentUrl\":\"https:\\\/\\\/www.hyamarkt.de\\\/wp-content\\\/uploads\\\/2023\\\/08\\\/Aqualyx-cosmetic-front.jpg\",\"width\":2160,\"height\":2160,\"caption\":\"Aqualyx Cosmetic 10x8ml \u2013 Front View of Packaging\"},{\"@type\":\"BreadcrumbList\",\"@id\":\"https:\\\/\\\/www.hyamarkt.de\\\/en\\\/produkt\\\/aqualyx-cosmetic-10x8ml\\\/#breadcrumb\",\"itemListElement\":[{\"@type\":\"ListItem\",\"position\":1,\"name\":\"Startseite\",\"item\":\"https:\\\/\\\/www.hyamarkt.de\\\/en\\\/\"},{\"@type\":\"ListItem\",\"position\":2,\"name\":\"Shop\",\"item\":\"https:\\\/\\\/www.hyamarkt.de\\\/shop\\\/\"},{\"@type\":\"ListItem\",\"position\":3,\"name\":\"Aqualyx cosmetic (10\u00d78ml)\"}]},{\"@type\":\"WebSite\",\"@id\":\"https:\\\/\\\/www.hyamarkt.de\\\/en\\\/#website\",\"url\":\"https:\\\/\\\/www.hyamarkt.de\\\/en\\\/\",\"name\":\"HyaMarkt\",\"description\":\"\",\"publisher\":{\"@id\":\"https:\\\/\\\/www.hyamarkt.de\\\/en\\\/#organization\"},\"potentialAction\":[{\"@type\":\"SearchAction\",\"target\":{\"@type\":\"EntryPoint\",\"urlTemplate\":\"https:\\\/\\\/www.hyamarkt.de\\\/en\\\/?s={search_term_string}\"},\"query-input\":{\"@type\":\"PropertyValueSpecification\",\"valueRequired\":true,\"valueName\":\"search_term_string\"}}],\"inLanguage\":\"en-US\"},{\"@type\":\"Organization\",\"@id\":\"https:\\\/\\\/www.hyamarkt.de\\\/en\\\/#organization\",\"name\":\"HyaMarkt\",\"url\":\"https:\\\/\\\/www.hyamarkt.de\\\/en\\\/\",\"logo\":{\"@type\":\"ImageObject\",\"inLanguage\":\"en-US\",\"@id\":\"https:\\\/\\\/www.hyamarkt.de\\\/en\\\/#\\\/schema\\\/logo\\\/image\\\/\",\"url\":\"https:\\\/\\\/www.hyamarkt.de\\\/wp-content\\\/uploads\\\/2025\\\/10\\\/Hyamarkt-.png\",\"contentUrl\":\"https:\\\/\\\/www.hyamarkt.de\\\/wp-content\\\/uploads\\\/2025\\\/10\\\/Hyamarkt-.png\",\"width\":696,\"height\":696,\"caption\":\"HyaMarkt\"},\"image\":{\"@id\":\"https:\\\/\\\/www.hyamarkt.de\\\/en\\\/#\\\/schema\\\/logo\\\/image\\\/\"},\"description\":\"HyaMarkt ist dein Online Shop f\u00fcr die \u00e4sthetische Medizin. 10 Jahre Erfahrung im Bereich Sch\u00f6nheitsprodukte. F\u00fchrender Online-Shop f\u00fcr \u00e4sthetische Medizinprodukte. Unser Sortiment umfasst hochwertige Produkte, die Ihren \u00e4sthetischen Bed\u00fcrfnissen gerecht werden. Wir bieten eine Vielzahl von Injektionspr\u00e4paraten auf Hyalurons\u00e4urebasis anzubieten. Diese Produkte werden in der \u00e4sthetischen Medizin zur Behandlung von Falten, Volumenaufbau und Lippenvergr\u00f6\u00dferung verwendet. Unser Angebot umfasst auch Peelings, Produkte f\u00fcr die Mesotherapie, sowie Zubeh\u00f6r und Verbrauchsmaterialien.\",\"email\":\"kontakt@hyamarkt.de\",\"telephone\":\"+49 511 653 91 799\",\"legalName\":\"EB Beautywell Trading GmbH\"}]}<\/script>\n<meta property=\"product:price:amount\" content=\"178.50\" \/>\n<meta property=\"product:price:currency\" content=\"EUR\" \/>\n<meta property=\"og:availability\" content=\"instock\" \/>\n<meta property=\"product:availability\" content=\"instock\" \/>\n<meta property=\"product:retailer_item_id\" content=\"00027\" \/>\n<meta property=\"product:condition\" content=\"new\" \/>\n<!-- \/ Yoast SEO Premium plugin. -->","yoast_head_json":{"title":"Aqualyx fat dissolving treatment","description":"Buy Aqualyx Fat Dissolving Treatment \u2013 Professional Solution for Body Contouring","robots":{"index":"index","follow":"follow","max-snippet":"max-snippet:-1","max-image-preview":"max-image-preview:large","max-video-preview":"max-video-preview:-1"},"canonical":"https:\/\/www.hyamarkt.de\/en\/produkt\/aqualyx-cosmetic-10x8ml\/\/","og_locale":"en_US","og_type":"article","og_title":"Aqualyx cosmetic (10\u00d78ml)","og_description":"Buy Aqualyx Fat Dissolving Treatment \u2013 Professional Solution for Body Contouring","og_url":"https:\/\/www.hyamarkt.de\/en\/produkt\/aqualyx-cosmetic-10x8ml\/","og_site_name":"HyaMarkt","article_modified_time":"2026-04-13T19:03:32+00:00","og_image":[{"width":2160,"height":2160,"url":"https:\/\/www.hyamarkt.de\/wp-content\/uploads\/2023\/08\/Aqualyx-cosmetic-front.jpg","type":"image\/jpeg"}],"twitter_card":"summary_large_image","twitter_misc":{"Price":"178,50&nbsp;&euro;","Availability":"In stock"},"schema":{"@context":"https:\/\/schema.org","@graph":[{"@type":["WebPage","ItemPage"],"@id":"https:\/\/www.hyamarkt.de\/en\/produkt\/aqualyx-cosmetic-10x8ml\/","url":"https:\/\/www.hyamarkt.de\/en\/produkt\/aqualyx-cosmetic-10x8ml\/","name":"Aqualyx fat dissolving treatment","isPartOf":{"@id":"https:\/\/www.hyamarkt.de\/en\/#website"},"primaryImageOfPage":{"@id":"https:\/\/www.hyamarkt.de\/en\/produkt\/aqualyx-cosmetic-10x8ml\/#primaryimage"},"image":{"@id":"https:\/\/www.hyamarkt.de\/en\/produkt\/aqualyx-cosmetic-10x8ml\/#primaryimage"},"thumbnailUrl":"https:\/\/www.hyamarkt.de\/wp-content\/uploads\/2023\/08\/Aqualyx-cosmetic-front.jpg","datePublished":"2023-08-22T08:12:18+00:00","dateModified":"2026-04-13T19:03:32+00:00","description":"Buy Aqualyx Fat Dissolving Treatment \u2013 Professional Solution for Body Contouring","breadcrumb":{"@id":"https:\/\/www.hyamarkt.de\/en\/produkt\/aqualyx-cosmetic-10x8ml\/#breadcrumb"},"inLanguage":"en-US","potentialAction":[{"@type":"ReadAction","target":["https:\/\/www.hyamarkt.de\/en\/produkt\/aqualyx-cosmetic-10x8ml\/"]}]},{"@type":"ImageObject","inLanguage":"en-US","@id":"https:\/\/www.hyamarkt.de\/en\/produkt\/aqualyx-cosmetic-10x8ml\/#primaryimage","url":"https:\/\/www.hyamarkt.de\/wp-content\/uploads\/2023\/08\/Aqualyx-cosmetic-front.jpg","contentUrl":"https:\/\/www.hyamarkt.de\/wp-content\/uploads\/2023\/08\/Aqualyx-cosmetic-front.jpg","width":2160,"height":2160,"caption":"Aqualyx Cosmetic 10x8ml \u2013 Front View of Packaging"},{"@type":"BreadcrumbList","@id":"https:\/\/www.hyamarkt.de\/en\/produkt\/aqualyx-cosmetic-10x8ml\/#breadcrumb","itemListElement":[{"@type":"ListItem","position":1,"name":"Startseite","item":"https:\/\/www.hyamarkt.de\/en\/"},{"@type":"ListItem","position":2,"name":"Shop","item":"https:\/\/www.hyamarkt.de\/shop\/"},{"@type":"ListItem","position":3,"name":"Aqualyx cosmetic (10\u00d78ml)"}]},{"@type":"WebSite","@id":"https:\/\/www.hyamarkt.de\/en\/#website","url":"https:\/\/www.hyamarkt.de\/en\/","name":"HyaMarkt","description":"","publisher":{"@id":"https:\/\/www.hyamarkt.de\/en\/#organization"},"potentialAction":[{"@type":"SearchAction","target":{"@type":"EntryPoint","urlTemplate":"https:\/\/www.hyamarkt.de\/en\/?s={search_term_string}"},"query-input":{"@type":"PropertyValueSpecification","valueRequired":true,"valueName":"search_term_string"}}],"inLanguage":"en-US"},{"@type":"Organization","@id":"https:\/\/www.hyamarkt.de\/en\/#organization","name":"HyaMarkt","url":"https:\/\/www.hyamarkt.de\/en\/","logo":{"@type":"ImageObject","inLanguage":"en-US","@id":"https:\/\/www.hyamarkt.de\/en\/#\/schema\/logo\/image\/","url":"https:\/\/www.hyamarkt.de\/wp-content\/uploads\/2025\/10\/Hyamarkt-.png","contentUrl":"https:\/\/www.hyamarkt.de\/wp-content\/uploads\/2025\/10\/Hyamarkt-.png","width":696,"height":696,"caption":"HyaMarkt"},"image":{"@id":"https:\/\/www.hyamarkt.de\/en\/#\/schema\/logo\/image\/"},"description":"HyaMarkt ist dein Online Shop f\u00fcr die \u00e4sthetische Medizin. 10 Jahre Erfahrung im Bereich Sch\u00f6nheitsprodukte. F\u00fchrender Online-Shop f\u00fcr \u00e4sthetische Medizinprodukte. Unser Sortiment umfasst hochwertige Produkte, die Ihren \u00e4sthetischen Bed\u00fcrfnissen gerecht werden. Wir bieten eine Vielzahl von Injektionspr\u00e4paraten auf Hyalurons\u00e4urebasis anzubieten. Diese Produkte werden in der \u00e4sthetischen Medizin zur Behandlung von Falten, Volumenaufbau und Lippenvergr\u00f6\u00dferung verwendet. Unser Angebot umfasst auch Peelings, Produkte f\u00fcr die Mesotherapie, sowie Zubeh\u00f6r und Verbrauchsmaterialien.","email":"kontakt@hyamarkt.de","telephone":"+49 511 653 91 799","legalName":"EB Beautywell Trading GmbH"}]},"product_price_amount":"178.50","product_price_currency":"EUR","og_availability":"instock","product_availability":"instock","product_retailer_item_id":"00027","product_condition":"new"},"jetpack_sharing_enabled":true,"_links":{"self":[{"href":"https:\/\/www.hyamarkt.de\/en\/wp-json\/wp\/v2\/product\/44792","targetHints":{"allow":["GET"]}}],"collection":[{"href":"https:\/\/www.hyamarkt.de\/en\/wp-json\/wp\/v2\/product"}],"about":[{"href":"https:\/\/www.hyamarkt.de\/en\/wp-json\/wp\/v2\/types\/product"}],"replies":[{"embeddable":true,"href":"https:\/\/www.hyamarkt.de\/en\/wp-json\/wp\/v2\/comments?post=44792"}],"wp:featuredmedia":[{"embeddable":true,"href":"https:\/\/www.hyamarkt.de\/en\/wp-json\/wp\/v2\/media\/26957"}],"wp:attachment":[{"href":"https:\/\/www.hyamarkt.de\/en\/wp-json\/wp\/v2\/media?parent=44792"}],"wp:term":[{"taxonomy":"product_hersteller","embeddable":true,"href":"https:\/\/www.hyamarkt.de\/en\/wp-json\/wp\/v2\/product_hersteller?post=44792"},{"taxonomy":"product_brand","embeddable":true,"href":"https:\/\/www.hyamarkt.de\/en\/wp-json\/wp\/v2\/product_brand?post=44792"},{"taxonomy":"product_cat","embeddable":true,"href":"https:\/\/www.hyamarkt.de\/en\/wp-json\/wp\/v2\/product_cat?post=44792"},{"taxonomy":"product_tag","embeddable":true,"href":"https:\/\/www.hyamarkt.de\/en\/wp-json\/wp\/v2\/product_tag?post=44792"}],"curies":[{"name":"wp","href":"https:\/\/api.w.org\/{rel}","templated":true}]}}