{"id":44790,"date":"2019-10-10T16:38:53","date_gmt":"2019-10-10T14:38:53","guid":{"rendered":"https:\/\/www.hyamarkt.de\/produkt\/belotero-balance-lidocaine-1x1ml\/"},"modified":"2026-04-13T20:37:17","modified_gmt":"2026-04-13T18:37:17","slug":"belotero-balance-lidocaine-1x1ml","status":"publish","type":"product","link":"https:\/\/www.hyamarkt.de\/en\/produkt\/belotero-balance-lidocaine-1x1ml\/","title":{"rendered":"Belotero Balance Lidocaine (1\u00d71ml)"},"content":{"rendered":"<p><strong>Belotero Balance Lidocaine<\/strong> is characterised by a balanced combination of firmness and flexibility, allowing even distribution within the skin. Its properties are designed to integrate smoothly into the tissue, similar to naturally occurring hyaluronic acid. The treatment is generally well tolerated and the product is typically not noticeable after application. The effect usually lasts between six and nine months.<\/p>\n<p>Belotero Balance Lidocaine can be injected into the following areas during treatment:<\/p>\n<ul>\n<li>Moderate nasolabial folds and marionette lines<\/li>\n<li>Perioral lines<\/li>\n<li>Lip borders<\/li>\n<li>Lips for moderate volume enhancement<\/li>\n<li>Glabellar lines<\/li>\n<\/ul>\n<p>The product is injected into the superficial to mid dermis using a syringe and needle.<\/p>\n","protected":false},"excerpt":{"rendered":"<p>Belotero Balance with Lidocaine is an injectable dermal filler based on hyaluronic acid, which is naturally absorbed and broken down by the body over time. The gel provides a moderate volumising effect: it is suitable for filling moderate wrinkles and lines, enhancing lip volume, and improving the appearance of certain scars. The results appear natural and may be considered as a non-surgical aesthetic option. Belotero uses patented CPM\u00ae (Cohesive Polydensified Matrix) technology, a cross-linked hyaluronic acid formulation. The Belotero product line is manufactured in Geneva.<\/p>\n","protected":false},"featured_media":38202,"comment_status":"open","ping_status":"closed","template":"","meta":{"_acf_changed":false},"product_hersteller":[494],"product_brand":[],"product_cat":[791],"product_tag":[817],"class_list":{"0":"post-44790","1":"product","2":"type-product","3":"status-publish","4":"has-post-thumbnail","6":"product_hersteller-merz","7":"product_cat-dermal-filler","8":"product_tag-belotero","10":"first","11":"instock","12":"taxable","13":"shipping-taxable","14":"purchasable","15":"product-type-simple"},"acf":[],"yoast_head":"<!-- This site is optimized with the Yoast SEO Premium plugin v27.1 (Yoast SEO v27.4) - https:\/\/yoast.com\/product\/yoast-seo-premium-wordpress\/ -->\n<title>Belotero Balance Lidocaine (1x1ml) \u2013 Hyaluronic Acid Dermal Filler with Lidocaine for Wrinkles &amp; Lips<\/title>\n<meta name=\"description\" content=\"Belotero Balance Lidocaine dermal filler smooths moderate wrinkles and enhances lips with added lidocaine for improved comfort and natural results.\" \/>\n<meta name=\"robots\" content=\"index, follow, max-snippet:-1, max-image-preview:large, max-video-preview:-1\" \/>\n<link rel=\"canonical\" href=\"https:\/\/www.hyamarkt.de\/en\/produkt\/belotero-balance-lidocaine-1x1ml\/\/\" \/>\n<meta property=\"og:locale\" content=\"en_US\" \/>\n<meta property=\"og:type\" content=\"article\" \/>\n<meta property=\"og:title\" content=\"Belotero Balance Lidocaine (1\u00d71ml)\" \/>\n<meta property=\"og:description\" content=\"Belotero Balance Lidocaine dermal filler smooths moderate wrinkles and enhances lips with added lidocaine for improved comfort and natural results.\" \/>\n<meta property=\"og:url\" content=\"https:\/\/www.hyamarkt.de\/en\/produkt\/belotero-balance-lidocaine-1x1ml\/\" \/>\n<meta property=\"og:site_name\" content=\"HyaMarkt\" \/>\n<meta property=\"article:modified_time\" content=\"2026-04-13T18:37:17+00:00\" \/>\n<meta property=\"og:image\" content=\"https:\/\/www.hyamarkt.de\/wp-content\/uploads\/2019\/10\/Belotero-BALANCE-LIDOCAINE-1\u00d71ML-front.jpg\" \/>\n\t<meta property=\"og:image:width\" content=\"2160\" \/>\n\t<meta property=\"og:image:height\" content=\"2160\" \/>\n\t<meta property=\"og:image:type\" content=\"image\/jpeg\" \/>\n<meta name=\"twitter:card\" content=\"summary_large_image\" \/>\n<meta name=\"twitter:label1\" content=\"Price\" \/>\n\t<meta name=\"twitter:data1\" content=\"80,92&nbsp;&euro;\" \/>\n\t<meta name=\"twitter:label2\" content=\"Availability\" \/>\n\t<meta name=\"twitter:data2\" content=\"In stock\" \/>\n<script type=\"application\/ld+json\" class=\"yoast-schema-graph\">{\"@context\":\"https:\\\/\\\/schema.org\",\"@graph\":[{\"@type\":[\"WebPage\",\"ItemPage\"],\"@id\":\"https:\\\/\\\/www.hyamarkt.de\\\/en\\\/produkt\\\/belotero-balance-lidocaine-1x1ml\\\/\",\"url\":\"https:\\\/\\\/www.hyamarkt.de\\\/en\\\/produkt\\\/belotero-balance-lidocaine-1x1ml\\\/\",\"name\":\"Belotero Balance Lidocaine (1x1ml) \u2013 Hyaluronic Acid Dermal Filler with Lidocaine for Wrinkles & Lips\",\"isPartOf\":{\"@id\":\"https:\\\/\\\/www.hyamarkt.de\\\/en\\\/#website\"},\"primaryImageOfPage\":{\"@id\":\"https:\\\/\\\/www.hyamarkt.de\\\/en\\\/produkt\\\/belotero-balance-lidocaine-1x1ml\\\/#primaryimage\"},\"image\":{\"@id\":\"https:\\\/\\\/www.hyamarkt.de\\\/en\\\/produkt\\\/belotero-balance-lidocaine-1x1ml\\\/#primaryimage\"},\"thumbnailUrl\":\"https:\\\/\\\/www.hyamarkt.de\\\/wp-content\\\/uploads\\\/2019\\\/10\\\/Belotero-BALANCE-LIDOCAINE-1\u00d71ML-front.jpg\",\"datePublished\":\"2019-10-10T14:38:53+00:00\",\"dateModified\":\"2026-04-13T18:37:17+00:00\",\"description\":\"Belotero Balance Lidocaine dermal filler smooths moderate wrinkles and enhances lips with added lidocaine for improved comfort and natural results.\",\"breadcrumb\":{\"@id\":\"https:\\\/\\\/www.hyamarkt.de\\\/en\\\/produkt\\\/belotero-balance-lidocaine-1x1ml\\\/#breadcrumb\"},\"inLanguage\":\"en-US\",\"potentialAction\":[{\"@type\":\"ReadAction\",\"target\":[\"https:\\\/\\\/www.hyamarkt.de\\\/en\\\/produkt\\\/belotero-balance-lidocaine-1x1ml\\\/\"]}]},{\"@type\":\"ImageObject\",\"inLanguage\":\"en-US\",\"@id\":\"https:\\\/\\\/www.hyamarkt.de\\\/en\\\/produkt\\\/belotero-balance-lidocaine-1x1ml\\\/#primaryimage\",\"url\":\"https:\\\/\\\/www.hyamarkt.de\\\/wp-content\\\/uploads\\\/2019\\\/10\\\/Belotero-BALANCE-LIDOCAINE-1\u00d71ML-front.jpg\",\"contentUrl\":\"https:\\\/\\\/www.hyamarkt.de\\\/wp-content\\\/uploads\\\/2019\\\/10\\\/Belotero-BALANCE-LIDOCAINE-1\u00d71ML-front.jpg\",\"width\":2160,\"height\":2160,\"caption\":\"Belotero Balance Lidocaine 1\u00d71ml \u2013 front view\"},{\"@type\":\"BreadcrumbList\",\"@id\":\"https:\\\/\\\/www.hyamarkt.de\\\/en\\\/produkt\\\/belotero-balance-lidocaine-1x1ml\\\/#breadcrumb\",\"itemListElement\":[{\"@type\":\"ListItem\",\"position\":1,\"name\":\"Startseite\",\"item\":\"https:\\\/\\\/www.hyamarkt.de\\\/en\\\/\"},{\"@type\":\"ListItem\",\"position\":2,\"name\":\"Shop\",\"item\":\"https:\\\/\\\/www.hyamarkt.de\\\/shop\\\/\"},{\"@type\":\"ListItem\",\"position\":3,\"name\":\"Belotero Balance Lidocaine (1\u00d71ml)\"}]},{\"@type\":\"WebSite\",\"@id\":\"https:\\\/\\\/www.hyamarkt.de\\\/en\\\/#website\",\"url\":\"https:\\\/\\\/www.hyamarkt.de\\\/en\\\/\",\"name\":\"HyaMarkt\",\"description\":\"\",\"publisher\":{\"@id\":\"https:\\\/\\\/www.hyamarkt.de\\\/en\\\/#organization\"},\"potentialAction\":[{\"@type\":\"SearchAction\",\"target\":{\"@type\":\"EntryPoint\",\"urlTemplate\":\"https:\\\/\\\/www.hyamarkt.de\\\/en\\\/?s={search_term_string}\"},\"query-input\":{\"@type\":\"PropertyValueSpecification\",\"valueRequired\":true,\"valueName\":\"search_term_string\"}}],\"inLanguage\":\"en-US\"},{\"@type\":\"Organization\",\"@id\":\"https:\\\/\\\/www.hyamarkt.de\\\/en\\\/#organization\",\"name\":\"HyaMarkt\",\"url\":\"https:\\\/\\\/www.hyamarkt.de\\\/en\\\/\",\"logo\":{\"@type\":\"ImageObject\",\"inLanguage\":\"en-US\",\"@id\":\"https:\\\/\\\/www.hyamarkt.de\\\/en\\\/#\\\/schema\\\/logo\\\/image\\\/\",\"url\":\"https:\\\/\\\/www.hyamarkt.de\\\/wp-content\\\/uploads\\\/2025\\\/10\\\/Hyamarkt-.png\",\"contentUrl\":\"https:\\\/\\\/www.hyamarkt.de\\\/wp-content\\\/uploads\\\/2025\\\/10\\\/Hyamarkt-.png\",\"width\":696,\"height\":696,\"caption\":\"HyaMarkt\"},\"image\":{\"@id\":\"https:\\\/\\\/www.hyamarkt.de\\\/en\\\/#\\\/schema\\\/logo\\\/image\\\/\"},\"description\":\"HyaMarkt ist dein Online Shop f\u00fcr die \u00e4sthetische Medizin. 10 Jahre Erfahrung im Bereich Sch\u00f6nheitsprodukte. F\u00fchrender Online-Shop f\u00fcr \u00e4sthetische Medizinprodukte. Unser Sortiment umfasst hochwertige Produkte, die Ihren \u00e4sthetischen Bed\u00fcrfnissen gerecht werden. Wir bieten eine Vielzahl von Injektionspr\u00e4paraten auf Hyalurons\u00e4urebasis anzubieten. Diese Produkte werden in der \u00e4sthetischen Medizin zur Behandlung von Falten, Volumenaufbau und Lippenvergr\u00f6\u00dferung verwendet. Unser Angebot umfasst auch Peelings, Produkte f\u00fcr die Mesotherapie, sowie Zubeh\u00f6r und Verbrauchsmaterialien.\",\"email\":\"kontakt@hyamarkt.de\",\"telephone\":\"+49 511 653 91 799\",\"legalName\":\"EB Beautywell Trading GmbH\"}]}<\/script>\n<meta property=\"product:price:amount\" content=\"80.92\" \/>\n<meta property=\"product:price:currency\" content=\"EUR\" \/>\n<meta property=\"og:availability\" content=\"instock\" \/>\n<meta property=\"product:availability\" content=\"instock\" \/>\n<meta property=\"product:retailer_item_id\" content=\"00107\" \/>\n<meta property=\"product:condition\" content=\"new\" \/>\n<!-- \/ Yoast SEO Premium plugin. -->","yoast_head_json":{"title":"Belotero Balance Lidocaine (1x1ml) \u2013 Hyaluronic Acid Dermal Filler with Lidocaine for Wrinkles & Lips","description":"Belotero Balance Lidocaine dermal filler smooths moderate wrinkles and enhances lips with added lidocaine for improved comfort and natural results.","robots":{"index":"index","follow":"follow","max-snippet":"max-snippet:-1","max-image-preview":"max-image-preview:large","max-video-preview":"max-video-preview:-1"},"canonical":"https:\/\/www.hyamarkt.de\/en\/produkt\/belotero-balance-lidocaine-1x1ml\/\/","og_locale":"en_US","og_type":"article","og_title":"Belotero Balance Lidocaine (1\u00d71ml)","og_description":"Belotero Balance Lidocaine dermal filler smooths moderate wrinkles and enhances lips with added lidocaine for improved comfort and natural results.","og_url":"https:\/\/www.hyamarkt.de\/en\/produkt\/belotero-balance-lidocaine-1x1ml\/","og_site_name":"HyaMarkt","article_modified_time":"2026-04-13T18:37:17+00:00","og_image":[{"width":2160,"height":2160,"url":"https:\/\/www.hyamarkt.de\/wp-content\/uploads\/2019\/10\/Belotero-BALANCE-LIDOCAINE-1\u00d71ML-front.jpg","type":"image\/jpeg"}],"twitter_card":"summary_large_image","twitter_misc":{"Price":"80,92&nbsp;&euro;","Availability":"In stock"},"schema":{"@context":"https:\/\/schema.org","@graph":[{"@type":["WebPage","ItemPage"],"@id":"https:\/\/www.hyamarkt.de\/en\/produkt\/belotero-balance-lidocaine-1x1ml\/","url":"https:\/\/www.hyamarkt.de\/en\/produkt\/belotero-balance-lidocaine-1x1ml\/","name":"Belotero Balance Lidocaine (1x1ml) \u2013 Hyaluronic Acid Dermal Filler with Lidocaine for Wrinkles & Lips","isPartOf":{"@id":"https:\/\/www.hyamarkt.de\/en\/#website"},"primaryImageOfPage":{"@id":"https:\/\/www.hyamarkt.de\/en\/produkt\/belotero-balance-lidocaine-1x1ml\/#primaryimage"},"image":{"@id":"https:\/\/www.hyamarkt.de\/en\/produkt\/belotero-balance-lidocaine-1x1ml\/#primaryimage"},"thumbnailUrl":"https:\/\/www.hyamarkt.de\/wp-content\/uploads\/2019\/10\/Belotero-BALANCE-LIDOCAINE-1\u00d71ML-front.jpg","datePublished":"2019-10-10T14:38:53+00:00","dateModified":"2026-04-13T18:37:17+00:00","description":"Belotero Balance Lidocaine dermal filler smooths moderate wrinkles and enhances lips with added lidocaine for improved comfort and natural results.","breadcrumb":{"@id":"https:\/\/www.hyamarkt.de\/en\/produkt\/belotero-balance-lidocaine-1x1ml\/#breadcrumb"},"inLanguage":"en-US","potentialAction":[{"@type":"ReadAction","target":["https:\/\/www.hyamarkt.de\/en\/produkt\/belotero-balance-lidocaine-1x1ml\/"]}]},{"@type":"ImageObject","inLanguage":"en-US","@id":"https:\/\/www.hyamarkt.de\/en\/produkt\/belotero-balance-lidocaine-1x1ml\/#primaryimage","url":"https:\/\/www.hyamarkt.de\/wp-content\/uploads\/2019\/10\/Belotero-BALANCE-LIDOCAINE-1\u00d71ML-front.jpg","contentUrl":"https:\/\/www.hyamarkt.de\/wp-content\/uploads\/2019\/10\/Belotero-BALANCE-LIDOCAINE-1\u00d71ML-front.jpg","width":2160,"height":2160,"caption":"Belotero Balance Lidocaine 1\u00d71ml \u2013 front view"},{"@type":"BreadcrumbList","@id":"https:\/\/www.hyamarkt.de\/en\/produkt\/belotero-balance-lidocaine-1x1ml\/#breadcrumb","itemListElement":[{"@type":"ListItem","position":1,"name":"Startseite","item":"https:\/\/www.hyamarkt.de\/en\/"},{"@type":"ListItem","position":2,"name":"Shop","item":"https:\/\/www.hyamarkt.de\/shop\/"},{"@type":"ListItem","position":3,"name":"Belotero Balance Lidocaine (1\u00d71ml)"}]},{"@type":"WebSite","@id":"https:\/\/www.hyamarkt.de\/en\/#website","url":"https:\/\/www.hyamarkt.de\/en\/","name":"HyaMarkt","description":"","publisher":{"@id":"https:\/\/www.hyamarkt.de\/en\/#organization"},"potentialAction":[{"@type":"SearchAction","target":{"@type":"EntryPoint","urlTemplate":"https:\/\/www.hyamarkt.de\/en\/?s={search_term_string}"},"query-input":{"@type":"PropertyValueSpecification","valueRequired":true,"valueName":"search_term_string"}}],"inLanguage":"en-US"},{"@type":"Organization","@id":"https:\/\/www.hyamarkt.de\/en\/#organization","name":"HyaMarkt","url":"https:\/\/www.hyamarkt.de\/en\/","logo":{"@type":"ImageObject","inLanguage":"en-US","@id":"https:\/\/www.hyamarkt.de\/en\/#\/schema\/logo\/image\/","url":"https:\/\/www.hyamarkt.de\/wp-content\/uploads\/2025\/10\/Hyamarkt-.png","contentUrl":"https:\/\/www.hyamarkt.de\/wp-content\/uploads\/2025\/10\/Hyamarkt-.png","width":696,"height":696,"caption":"HyaMarkt"},"image":{"@id":"https:\/\/www.hyamarkt.de\/en\/#\/schema\/logo\/image\/"},"description":"HyaMarkt ist dein Online Shop f\u00fcr die \u00e4sthetische Medizin. 10 Jahre Erfahrung im Bereich Sch\u00f6nheitsprodukte. F\u00fchrender Online-Shop f\u00fcr \u00e4sthetische Medizinprodukte. Unser Sortiment umfasst hochwertige Produkte, die Ihren \u00e4sthetischen Bed\u00fcrfnissen gerecht werden. Wir bieten eine Vielzahl von Injektionspr\u00e4paraten auf Hyalurons\u00e4urebasis anzubieten. Diese Produkte werden in der \u00e4sthetischen Medizin zur Behandlung von Falten, Volumenaufbau und Lippenvergr\u00f6\u00dferung verwendet. Unser Angebot umfasst auch Peelings, Produkte f\u00fcr die Mesotherapie, sowie Zubeh\u00f6r und Verbrauchsmaterialien.","email":"kontakt@hyamarkt.de","telephone":"+49 511 653 91 799","legalName":"EB Beautywell Trading GmbH"}]},"product_price_amount":"80.92","product_price_currency":"EUR","og_availability":"instock","product_availability":"instock","product_retailer_item_id":"00107","product_condition":"new"},"jetpack_sharing_enabled":true,"_links":{"self":[{"href":"https:\/\/www.hyamarkt.de\/en\/wp-json\/wp\/v2\/product\/44790","targetHints":{"allow":["GET"]}}],"collection":[{"href":"https:\/\/www.hyamarkt.de\/en\/wp-json\/wp\/v2\/product"}],"about":[{"href":"https:\/\/www.hyamarkt.de\/en\/wp-json\/wp\/v2\/types\/product"}],"replies":[{"embeddable":true,"href":"https:\/\/www.hyamarkt.de\/en\/wp-json\/wp\/v2\/comments?post=44790"}],"wp:featuredmedia":[{"embeddable":true,"href":"https:\/\/www.hyamarkt.de\/en\/wp-json\/wp\/v2\/media\/38202"}],"wp:attachment":[{"href":"https:\/\/www.hyamarkt.de\/en\/wp-json\/wp\/v2\/media?parent=44790"}],"wp:term":[{"taxonomy":"product_hersteller","embeddable":true,"href":"https:\/\/www.hyamarkt.de\/en\/wp-json\/wp\/v2\/product_hersteller?post=44790"},{"taxonomy":"product_brand","embeddable":true,"href":"https:\/\/www.hyamarkt.de\/en\/wp-json\/wp\/v2\/product_brand?post=44790"},{"taxonomy":"product_cat","embeddable":true,"href":"https:\/\/www.hyamarkt.de\/en\/wp-json\/wp\/v2\/product_cat?post=44790"},{"taxonomy":"product_tag","embeddable":true,"href":"https:\/\/www.hyamarkt.de\/en\/wp-json\/wp\/v2\/product_tag?post=44790"}],"curies":[{"name":"wp","href":"https:\/\/api.w.org\/{rel}","templated":true}]}}