{"id":44774,"date":"2024-08-01T12:23:32","date_gmt":"2024-08-01T10:23:32","guid":{"rendered":"https:\/\/www.hyamarkt.de\/produkt\/ami-eyes-1x2ml\/"},"modified":"2026-04-13T17:12:38","modified_gmt":"2026-04-13T15:12:38","slug":"ami-eyes-1x2ml","status":"publish","type":"product","link":"https:\/\/www.hyamarkt.de\/en\/produkt\/ami-eyes-1x2ml\/","title":{"rendered":"AMI Eyes (1x2ml)"},"content":{"rendered":"<p>AMI Eyes is a premium skin booster developed to revitalise and support the regeneration of the dermis. The product contains tissue-regenerating components and purified DNA derived from salmon, and is specifically designed for needle mesotherapy of the eye contour and tear trough area, providing a filling effect while aiming to minimise the risk of side effects such as swelling or lymphatic congestion.<\/p>\n<p><strong>Benefits of AMI Eyes:<\/strong><\/p>\n<ul>\n<li><strong>Improved skin elasticity:<\/strong> Helps enhance skin elasticity and firmness.<\/li>\n<li><strong>Hydration:<\/strong> Provides intensive hydration thanks to polymer hyaluronic acid.<\/li>\n<li><strong>Regenerative properties:<\/strong> Supports tissue regeneration and helps revitalise the skin.<\/li>\n<li><strong>Anti-ageing effect:<\/strong> Helps reduce the appearance of wrinkles and signs of fatigue.<\/li>\n<li><strong>Improved skin tone:<\/strong> Supports a brighter and more even-looking complexion.<\/li>\n<li><strong>Well-tolerated formulation:<\/strong> Designed to minimise the risk of side effects such as swelling or lymphatic congestion.<\/li>\n<\/ul>\n","protected":false},"excerpt":{"rendered":"<p>AMI Eyes is a skin booster for mesotherapy, specifically developed for the eye contour and tear trough area. It helps revitalise and support the regeneration of the dermis, improves skin elasticity, and provides intensive hydration. The product contains purified DNA derived from salmon and is designed to be well tolerated and effective.<\/p>\n","protected":false},"featured_media":28829,"comment_status":"open","ping_status":"closed","template":"","meta":{"_acf_changed":false},"product_hersteller":[529],"product_brand":[],"product_cat":[753,754],"product_tag":[804],"class_list":{"0":"post-44774","1":"product","2":"type-product","3":"status-publish","4":"has-post-thumbnail","6":"product_hersteller-quiver-medic","7":"product_cat-biorevitalizers","8":"product_cat-mesotherapy","9":"product_tag-ami","11":"first","12":"instock","13":"taxable","14":"shipping-taxable","15":"purchasable","16":"product-type-simple"},"acf":[],"yoast_head":"<!-- This site is optimized with the Yoast SEO Premium plugin v27.1 (Yoast SEO v27.4) - https:\/\/yoast.com\/product\/yoast-seo-premium-wordpress\/ -->\n<title>Buy AMI Eyes Polynucleotide Skin Booster 2ml \u2013 Under Eye Rejuvenation Treatment<\/title>\n<meta name=\"description\" content=\"Order AMI Eyes skin booster online \u2013 polynucleotide-based treatment for under-eye rejuvenation, improved elasticity, hydration, and smoother skin.\" \/>\n<meta name=\"robots\" content=\"index, follow, max-snippet:-1, max-image-preview:large, max-video-preview:-1\" \/>\n<link rel=\"canonical\" href=\"https:\/\/www.hyamarkt.de\/en\/produkt\/ami-eyes-1x2ml\/\/\" \/>\n<meta property=\"og:locale\" content=\"en_US\" \/>\n<meta property=\"og:type\" content=\"article\" \/>\n<meta property=\"og:title\" content=\"AMI Eyes (1x2ml)\" \/>\n<meta property=\"og:description\" content=\"Order AMI Eyes skin booster online \u2013 polynucleotide-based treatment for under-eye rejuvenation, improved elasticity, hydration, and smoother skin.\" \/>\n<meta property=\"og:url\" content=\"https:\/\/www.hyamarkt.de\/en\/produkt\/ami-eyes-1x2ml\/\" \/>\n<meta property=\"og:site_name\" content=\"HyaMarkt\" \/>\n<meta property=\"article:modified_time\" content=\"2026-04-13T15:12:38+00:00\" \/>\n<meta property=\"og:image\" content=\"https:\/\/www.hyamarkt.de\/wp-content\/uploads\/2024\/07\/AMI-Eyes-Reuvenation-with-PN-Front.jpg\" \/>\n\t<meta property=\"og:image:width\" content=\"2160\" \/>\n\t<meta property=\"og:image:height\" content=\"2160\" \/>\n\t<meta property=\"og:image:type\" content=\"image\/jpeg\" \/>\n<meta name=\"twitter:card\" content=\"summary_large_image\" \/>\n<meta name=\"twitter:label1\" content=\"Price\" \/>\n\t<meta name=\"twitter:data1\" content=\"47,60&nbsp;&euro;\" \/>\n\t<meta name=\"twitter:label2\" content=\"Availability\" \/>\n\t<meta name=\"twitter:data2\" content=\"In stock\" \/>\n<script type=\"application\/ld+json\" class=\"yoast-schema-graph\">{\"@context\":\"https:\\\/\\\/schema.org\",\"@graph\":[{\"@type\":[\"WebPage\",\"ItemPage\"],\"@id\":\"https:\\\/\\\/www.hyamarkt.de\\\/en\\\/produkt\\\/ami-eyes-1x2ml\\\/\",\"url\":\"https:\\\/\\\/www.hyamarkt.de\\\/en\\\/produkt\\\/ami-eyes-1x2ml\\\/\",\"name\":\"Buy AMI Eyes Polynucleotide Skin Booster 2ml \u2013 Under Eye Rejuvenation Treatment\",\"isPartOf\":{\"@id\":\"https:\\\/\\\/www.hyamarkt.de\\\/en\\\/#website\"},\"primaryImageOfPage\":{\"@id\":\"https:\\\/\\\/www.hyamarkt.de\\\/en\\\/produkt\\\/ami-eyes-1x2ml\\\/#primaryimage\"},\"image\":{\"@id\":\"https:\\\/\\\/www.hyamarkt.de\\\/en\\\/produkt\\\/ami-eyes-1x2ml\\\/#primaryimage\"},\"thumbnailUrl\":\"https:\\\/\\\/www.hyamarkt.de\\\/wp-content\\\/uploads\\\/2024\\\/07\\\/AMI-Eyes-Reuvenation-with-PN-Front.jpg\",\"datePublished\":\"2024-08-01T10:23:32+00:00\",\"dateModified\":\"2026-04-13T15:12:38+00:00\",\"description\":\"Order AMI Eyes skin booster online \u2013 polynucleotide-based treatment for under-eye rejuvenation, improved elasticity, hydration, and smoother skin.\",\"breadcrumb\":{\"@id\":\"https:\\\/\\\/www.hyamarkt.de\\\/en\\\/produkt\\\/ami-eyes-1x2ml\\\/#breadcrumb\"},\"inLanguage\":\"en-US\",\"potentialAction\":[{\"@type\":\"ReadAction\",\"target\":[\"https:\\\/\\\/www.hyamarkt.de\\\/en\\\/produkt\\\/ami-eyes-1x2ml\\\/\"]}]},{\"@type\":\"ImageObject\",\"inLanguage\":\"en-US\",\"@id\":\"https:\\\/\\\/www.hyamarkt.de\\\/en\\\/produkt\\\/ami-eyes-1x2ml\\\/#primaryimage\",\"url\":\"https:\\\/\\\/www.hyamarkt.de\\\/wp-content\\\/uploads\\\/2024\\\/07\\\/AMI-Eyes-Reuvenation-with-PN-Front.jpg\",\"contentUrl\":\"https:\\\/\\\/www.hyamarkt.de\\\/wp-content\\\/uploads\\\/2024\\\/07\\\/AMI-Eyes-Reuvenation-with-PN-Front.jpg\",\"width\":2160,\"height\":2160,\"caption\":\"AMI Eyes 1x2ml \u2013 Front View of Packaging\"},{\"@type\":\"BreadcrumbList\",\"@id\":\"https:\\\/\\\/www.hyamarkt.de\\\/en\\\/produkt\\\/ami-eyes-1x2ml\\\/#breadcrumb\",\"itemListElement\":[{\"@type\":\"ListItem\",\"position\":1,\"name\":\"Startseite\",\"item\":\"https:\\\/\\\/www.hyamarkt.de\\\/en\\\/\"},{\"@type\":\"ListItem\",\"position\":2,\"name\":\"Shop\",\"item\":\"https:\\\/\\\/www.hyamarkt.de\\\/shop\\\/\"},{\"@type\":\"ListItem\",\"position\":3,\"name\":\"AMI Eyes (1x2ml)\"}]},{\"@type\":\"WebSite\",\"@id\":\"https:\\\/\\\/www.hyamarkt.de\\\/en\\\/#website\",\"url\":\"https:\\\/\\\/www.hyamarkt.de\\\/en\\\/\",\"name\":\"HyaMarkt\",\"description\":\"\",\"publisher\":{\"@id\":\"https:\\\/\\\/www.hyamarkt.de\\\/en\\\/#organization\"},\"potentialAction\":[{\"@type\":\"SearchAction\",\"target\":{\"@type\":\"EntryPoint\",\"urlTemplate\":\"https:\\\/\\\/www.hyamarkt.de\\\/en\\\/?s={search_term_string}\"},\"query-input\":{\"@type\":\"PropertyValueSpecification\",\"valueRequired\":true,\"valueName\":\"search_term_string\"}}],\"inLanguage\":\"en-US\"},{\"@type\":\"Organization\",\"@id\":\"https:\\\/\\\/www.hyamarkt.de\\\/en\\\/#organization\",\"name\":\"HyaMarkt\",\"url\":\"https:\\\/\\\/www.hyamarkt.de\\\/en\\\/\",\"logo\":{\"@type\":\"ImageObject\",\"inLanguage\":\"en-US\",\"@id\":\"https:\\\/\\\/www.hyamarkt.de\\\/en\\\/#\\\/schema\\\/logo\\\/image\\\/\",\"url\":\"https:\\\/\\\/www.hyamarkt.de\\\/wp-content\\\/uploads\\\/2025\\\/10\\\/Hyamarkt-.png\",\"contentUrl\":\"https:\\\/\\\/www.hyamarkt.de\\\/wp-content\\\/uploads\\\/2025\\\/10\\\/Hyamarkt-.png\",\"width\":696,\"height\":696,\"caption\":\"HyaMarkt\"},\"image\":{\"@id\":\"https:\\\/\\\/www.hyamarkt.de\\\/en\\\/#\\\/schema\\\/logo\\\/image\\\/\"},\"description\":\"HyaMarkt ist dein Online Shop f\u00fcr die \u00e4sthetische Medizin. 10 Jahre Erfahrung im Bereich Sch\u00f6nheitsprodukte. F\u00fchrender Online-Shop f\u00fcr \u00e4sthetische Medizinprodukte. Unser Sortiment umfasst hochwertige Produkte, die Ihren \u00e4sthetischen Bed\u00fcrfnissen gerecht werden. Wir bieten eine Vielzahl von Injektionspr\u00e4paraten auf Hyalurons\u00e4urebasis anzubieten. Diese Produkte werden in der \u00e4sthetischen Medizin zur Behandlung von Falten, Volumenaufbau und Lippenvergr\u00f6\u00dferung verwendet. Unser Angebot umfasst auch Peelings, Produkte f\u00fcr die Mesotherapie, sowie Zubeh\u00f6r und Verbrauchsmaterialien.\",\"email\":\"kontakt@hyamarkt.de\",\"telephone\":\"+49 511 653 91 799\",\"legalName\":\"EB Beautywell Trading GmbH\"}]}<\/script>\n<meta property=\"product:price:amount\" content=\"47.60\" \/>\n<meta property=\"product:price:currency\" content=\"EUR\" \/>\n<meta property=\"og:availability\" content=\"instock\" \/>\n<meta property=\"product:availability\" content=\"instock\" \/>\n<meta property=\"product:retailer_item_id\" content=\"00402\" \/>\n<meta property=\"product:condition\" content=\"new\" \/>\n<!-- \/ Yoast SEO Premium plugin. -->","yoast_head_json":{"title":"Buy AMI Eyes Polynucleotide Skin Booster 2ml \u2013 Under Eye Rejuvenation Treatment","description":"Order AMI Eyes skin booster online \u2013 polynucleotide-based treatment for under-eye rejuvenation, improved elasticity, hydration, and smoother skin.","robots":{"index":"index","follow":"follow","max-snippet":"max-snippet:-1","max-image-preview":"max-image-preview:large","max-video-preview":"max-video-preview:-1"},"canonical":"https:\/\/www.hyamarkt.de\/en\/produkt\/ami-eyes-1x2ml\/\/","og_locale":"en_US","og_type":"article","og_title":"AMI Eyes (1x2ml)","og_description":"Order AMI Eyes skin booster online \u2013 polynucleotide-based treatment for under-eye rejuvenation, improved elasticity, hydration, and smoother skin.","og_url":"https:\/\/www.hyamarkt.de\/en\/produkt\/ami-eyes-1x2ml\/","og_site_name":"HyaMarkt","article_modified_time":"2026-04-13T15:12:38+00:00","og_image":[{"width":2160,"height":2160,"url":"https:\/\/www.hyamarkt.de\/wp-content\/uploads\/2024\/07\/AMI-Eyes-Reuvenation-with-PN-Front.jpg","type":"image\/jpeg"}],"twitter_card":"summary_large_image","twitter_misc":{"Price":"47,60&nbsp;&euro;","Availability":"In stock"},"schema":{"@context":"https:\/\/schema.org","@graph":[{"@type":["WebPage","ItemPage"],"@id":"https:\/\/www.hyamarkt.de\/en\/produkt\/ami-eyes-1x2ml\/","url":"https:\/\/www.hyamarkt.de\/en\/produkt\/ami-eyes-1x2ml\/","name":"Buy AMI Eyes Polynucleotide Skin Booster 2ml \u2013 Under Eye Rejuvenation Treatment","isPartOf":{"@id":"https:\/\/www.hyamarkt.de\/en\/#website"},"primaryImageOfPage":{"@id":"https:\/\/www.hyamarkt.de\/en\/produkt\/ami-eyes-1x2ml\/#primaryimage"},"image":{"@id":"https:\/\/www.hyamarkt.de\/en\/produkt\/ami-eyes-1x2ml\/#primaryimage"},"thumbnailUrl":"https:\/\/www.hyamarkt.de\/wp-content\/uploads\/2024\/07\/AMI-Eyes-Reuvenation-with-PN-Front.jpg","datePublished":"2024-08-01T10:23:32+00:00","dateModified":"2026-04-13T15:12:38+00:00","description":"Order AMI Eyes skin booster online \u2013 polynucleotide-based treatment for under-eye rejuvenation, improved elasticity, hydration, and smoother skin.","breadcrumb":{"@id":"https:\/\/www.hyamarkt.de\/en\/produkt\/ami-eyes-1x2ml\/#breadcrumb"},"inLanguage":"en-US","potentialAction":[{"@type":"ReadAction","target":["https:\/\/www.hyamarkt.de\/en\/produkt\/ami-eyes-1x2ml\/"]}]},{"@type":"ImageObject","inLanguage":"en-US","@id":"https:\/\/www.hyamarkt.de\/en\/produkt\/ami-eyes-1x2ml\/#primaryimage","url":"https:\/\/www.hyamarkt.de\/wp-content\/uploads\/2024\/07\/AMI-Eyes-Reuvenation-with-PN-Front.jpg","contentUrl":"https:\/\/www.hyamarkt.de\/wp-content\/uploads\/2024\/07\/AMI-Eyes-Reuvenation-with-PN-Front.jpg","width":2160,"height":2160,"caption":"AMI Eyes 1x2ml \u2013 Front View of Packaging"},{"@type":"BreadcrumbList","@id":"https:\/\/www.hyamarkt.de\/en\/produkt\/ami-eyes-1x2ml\/#breadcrumb","itemListElement":[{"@type":"ListItem","position":1,"name":"Startseite","item":"https:\/\/www.hyamarkt.de\/en\/"},{"@type":"ListItem","position":2,"name":"Shop","item":"https:\/\/www.hyamarkt.de\/shop\/"},{"@type":"ListItem","position":3,"name":"AMI Eyes (1x2ml)"}]},{"@type":"WebSite","@id":"https:\/\/www.hyamarkt.de\/en\/#website","url":"https:\/\/www.hyamarkt.de\/en\/","name":"HyaMarkt","description":"","publisher":{"@id":"https:\/\/www.hyamarkt.de\/en\/#organization"},"potentialAction":[{"@type":"SearchAction","target":{"@type":"EntryPoint","urlTemplate":"https:\/\/www.hyamarkt.de\/en\/?s={search_term_string}"},"query-input":{"@type":"PropertyValueSpecification","valueRequired":true,"valueName":"search_term_string"}}],"inLanguage":"en-US"},{"@type":"Organization","@id":"https:\/\/www.hyamarkt.de\/en\/#organization","name":"HyaMarkt","url":"https:\/\/www.hyamarkt.de\/en\/","logo":{"@type":"ImageObject","inLanguage":"en-US","@id":"https:\/\/www.hyamarkt.de\/en\/#\/schema\/logo\/image\/","url":"https:\/\/www.hyamarkt.de\/wp-content\/uploads\/2025\/10\/Hyamarkt-.png","contentUrl":"https:\/\/www.hyamarkt.de\/wp-content\/uploads\/2025\/10\/Hyamarkt-.png","width":696,"height":696,"caption":"HyaMarkt"},"image":{"@id":"https:\/\/www.hyamarkt.de\/en\/#\/schema\/logo\/image\/"},"description":"HyaMarkt ist dein Online Shop f\u00fcr die \u00e4sthetische Medizin. 10 Jahre Erfahrung im Bereich Sch\u00f6nheitsprodukte. F\u00fchrender Online-Shop f\u00fcr \u00e4sthetische Medizinprodukte. Unser Sortiment umfasst hochwertige Produkte, die Ihren \u00e4sthetischen Bed\u00fcrfnissen gerecht werden. Wir bieten eine Vielzahl von Injektionspr\u00e4paraten auf Hyalurons\u00e4urebasis anzubieten. Diese Produkte werden in der \u00e4sthetischen Medizin zur Behandlung von Falten, Volumenaufbau und Lippenvergr\u00f6\u00dferung verwendet. Unser Angebot umfasst auch Peelings, Produkte f\u00fcr die Mesotherapie, sowie Zubeh\u00f6r und Verbrauchsmaterialien.","email":"kontakt@hyamarkt.de","telephone":"+49 511 653 91 799","legalName":"EB Beautywell Trading GmbH"}]},"product_price_amount":"47.60","product_price_currency":"EUR","og_availability":"instock","product_availability":"instock","product_retailer_item_id":"00402","product_condition":"new"},"jetpack_sharing_enabled":true,"_links":{"self":[{"href":"https:\/\/www.hyamarkt.de\/en\/wp-json\/wp\/v2\/product\/44774","targetHints":{"allow":["GET"]}}],"collection":[{"href":"https:\/\/www.hyamarkt.de\/en\/wp-json\/wp\/v2\/product"}],"about":[{"href":"https:\/\/www.hyamarkt.de\/en\/wp-json\/wp\/v2\/types\/product"}],"replies":[{"embeddable":true,"href":"https:\/\/www.hyamarkt.de\/en\/wp-json\/wp\/v2\/comments?post=44774"}],"wp:featuredmedia":[{"embeddable":true,"href":"https:\/\/www.hyamarkt.de\/en\/wp-json\/wp\/v2\/media\/28829"}],"wp:attachment":[{"href":"https:\/\/www.hyamarkt.de\/en\/wp-json\/wp\/v2\/media?parent=44774"}],"wp:term":[{"taxonomy":"product_hersteller","embeddable":true,"href":"https:\/\/www.hyamarkt.de\/en\/wp-json\/wp\/v2\/product_hersteller?post=44774"},{"taxonomy":"product_brand","embeddable":true,"href":"https:\/\/www.hyamarkt.de\/en\/wp-json\/wp\/v2\/product_brand?post=44774"},{"taxonomy":"product_cat","embeddable":true,"href":"https:\/\/www.hyamarkt.de\/en\/wp-json\/wp\/v2\/product_cat?post=44774"},{"taxonomy":"product_tag","embeddable":true,"href":"https:\/\/www.hyamarkt.de\/en\/wp-json\/wp\/v2\/product_tag?post=44774"}],"curies":[{"name":"wp","href":"https:\/\/api.w.org\/{rel}","templated":true}]}}