{"id":44773,"date":"2025-07-30T15:32:22","date_gmt":"2025-07-30T13:32:22","guid":{"rendered":"https:\/\/www.hyamarkt.de\/produkt\/aliaxin-gp-global-performance-2x1ml\/"},"modified":"2026-04-13T17:03:23","modified_gmt":"2026-04-13T15:03:23","slug":"aliaxin-gp-global-performance-2x1ml","status":"publish","type":"product","link":"https:\/\/www.hyamarkt.de\/en\/produkt\/aliaxin-gp-global-performance-2x1ml\/","title":{"rendered":"Aliaxin GP Global Performance (2x1ml)"},"content":{"rendered":"<p><strong>Aliaxin GP Global Performance<\/strong> is a hyaluronic acid-based dermal filler designed for the treatment of deep wrinkles and the restoration of facial balance. Its formulation helps to hydrate the tissue and provides structural support for a natural-looking lifting effect. Thanks to its high viscosity, the product is suitable for addressing more pronounced signs of skin ageing and delivers immediate, natural-looking results.<\/p>\n<p><strong>Benefits of Aliaxin GP:<\/strong><\/p>\n<ul>\n<li><strong>Deep wrinkle correction:<\/strong> Effectively reduces the appearance of deep lines such as nasolabial folds or forehead wrinkles.<\/li>\n<li><strong>Lifting support:<\/strong> Provides visible firming and helps restore facial contours.<\/li>\n<li><strong>Long-lasting effect:<\/strong> Designed to provide durable results over time.<\/li>\n<li><strong>Natural appearance:<\/strong> Optimised viscosity and tissue integration support harmonious, subtle results.<\/li>\n<\/ul>\n","protected":false},"excerpt":{"rendered":"<p>Aliaxin GP is a hyaluronic acid-based dermal filler designed to smooth deep wrinkles, improve facial balance, and support skin hydration. Its high-quality, viscous formulation is suitable for treating age-related changes in areas such as the mouth, lips, and forehead.<\/p>\n","protected":false},"featured_media":33998,"comment_status":"open","ping_status":"closed","template":"","meta":{"_acf_changed":false},"product_hersteller":[484],"product_brand":[],"product_cat":[791],"product_tag":[797],"class_list":{"0":"post-44773","1":"product","2":"type-product","3":"status-publish","4":"has-post-thumbnail","6":"product_hersteller-ibsa","7":"product_cat-dermal-filler","8":"product_tag-aliaxin","10":"first","11":"instock","12":"sale","13":"taxable","14":"shipping-taxable","15":"purchasable","16":"product-type-simple"},"acf":[],"yoast_head":"<!-- This site is optimized with the Yoast SEO Premium plugin v27.1 (Yoast SEO v27.4) - https:\/\/yoast.com\/product\/yoast-seo-premium-wordpress\/ -->\n<title>Aliaxin GP Global Performance (2x1ml) \u2013 Hyaluronic Acid Dermal Filler for Deep Wrinkles &amp; Volume Restoration<\/title>\n<meta name=\"description\" content=\"Aliaxin GP dermal filler smooths deep wrinkles, restores facial volume, and delivers a natural lifting effect with firm, rejuvenated skin.\" \/>\n<meta name=\"robots\" content=\"index, follow, max-snippet:-1, max-image-preview:large, max-video-preview:-1\" \/>\n<link rel=\"canonical\" href=\"https:\/\/www.hyamarkt.de\/en\/produkt\/aliaxin-gp-global-performance-2x1ml\/\/\" \/>\n<meta property=\"og:locale\" content=\"en_US\" \/>\n<meta property=\"og:type\" content=\"article\" \/>\n<meta property=\"og:title\" content=\"Aliaxin GP Global Performance (2x1ml)\" \/>\n<meta property=\"og:description\" content=\"Aliaxin GP dermal filler smooths deep wrinkles, restores facial volume, and delivers a natural lifting effect with firm, rejuvenated skin.\" \/>\n<meta property=\"og:url\" content=\"https:\/\/www.hyamarkt.de\/en\/produkt\/aliaxin-gp-global-performance-2x1ml\/\" \/>\n<meta property=\"og:site_name\" content=\"HyaMarkt\" \/>\n<meta property=\"article:modified_time\" content=\"2026-04-13T15:03:23+00:00\" \/>\n<meta property=\"og:image\" content=\"https:\/\/www.hyamarkt.de\/wp-content\/uploads\/2025\/06\/Aliaxin-GP-Global-Performance-IBSA-front.jpg\" \/>\n\t<meta property=\"og:image:width\" content=\"2160\" \/>\n\t<meta property=\"og:image:height\" content=\"2160\" \/>\n\t<meta property=\"og:image:type\" content=\"image\/jpeg\" \/>\n<meta name=\"twitter:card\" content=\"summary_large_image\" \/>\n<meta name=\"twitter:label1\" content=\"Price\" \/>\n\t<meta name=\"twitter:data1\" content=\"107,10&nbsp;&euro;\" \/>\n\t<meta name=\"twitter:label2\" content=\"Availability\" \/>\n\t<meta name=\"twitter:data2\" content=\"In stock\" \/>\n<script type=\"application\/ld+json\" class=\"yoast-schema-graph\">{\"@context\":\"https:\\\/\\\/schema.org\",\"@graph\":[{\"@type\":[\"WebPage\",\"ItemPage\"],\"@id\":\"https:\\\/\\\/www.hyamarkt.de\\\/en\\\/produkt\\\/aliaxin-gp-global-performance-2x1ml\\\/\",\"url\":\"https:\\\/\\\/www.hyamarkt.de\\\/en\\\/produkt\\\/aliaxin-gp-global-performance-2x1ml\\\/\",\"name\":\"Aliaxin GP Global Performance (2x1ml) \u2013 Hyaluronic Acid Dermal Filler for Deep Wrinkles & Volume Restoration\",\"isPartOf\":{\"@id\":\"https:\\\/\\\/www.hyamarkt.de\\\/en\\\/#website\"},\"primaryImageOfPage\":{\"@id\":\"https:\\\/\\\/www.hyamarkt.de\\\/en\\\/produkt\\\/aliaxin-gp-global-performance-2x1ml\\\/#primaryimage\"},\"image\":{\"@id\":\"https:\\\/\\\/www.hyamarkt.de\\\/en\\\/produkt\\\/aliaxin-gp-global-performance-2x1ml\\\/#primaryimage\"},\"thumbnailUrl\":\"https:\\\/\\\/www.hyamarkt.de\\\/wp-content\\\/uploads\\\/2025\\\/06\\\/Aliaxin-GP-Global-Performance-IBSA-front.jpg\",\"datePublished\":\"2025-07-30T13:32:22+00:00\",\"dateModified\":\"2026-04-13T15:03:23+00:00\",\"description\":\"Aliaxin GP dermal filler smooths deep wrinkles, restores facial volume, and delivers a natural lifting effect with firm, rejuvenated skin.\",\"breadcrumb\":{\"@id\":\"https:\\\/\\\/www.hyamarkt.de\\\/en\\\/produkt\\\/aliaxin-gp-global-performance-2x1ml\\\/#breadcrumb\"},\"inLanguage\":\"en-US\",\"potentialAction\":[{\"@type\":\"ReadAction\",\"target\":[\"https:\\\/\\\/www.hyamarkt.de\\\/en\\\/produkt\\\/aliaxin-gp-global-performance-2x1ml\\\/\"]}]},{\"@type\":\"ImageObject\",\"inLanguage\":\"en-US\",\"@id\":\"https:\\\/\\\/www.hyamarkt.de\\\/en\\\/produkt\\\/aliaxin-gp-global-performance-2x1ml\\\/#primaryimage\",\"url\":\"https:\\\/\\\/www.hyamarkt.de\\\/wp-content\\\/uploads\\\/2025\\\/06\\\/Aliaxin-GP-Global-Performance-IBSA-front.jpg\",\"contentUrl\":\"https:\\\/\\\/www.hyamarkt.de\\\/wp-content\\\/uploads\\\/2025\\\/06\\\/Aliaxin-GP-Global-Performance-IBSA-front.jpg\",\"width\":2160,\"height\":2160,\"caption\":\"Aliaxin GP Global Performance 2x1ml \u2013 front view\"},{\"@type\":\"BreadcrumbList\",\"@id\":\"https:\\\/\\\/www.hyamarkt.de\\\/en\\\/produkt\\\/aliaxin-gp-global-performance-2x1ml\\\/#breadcrumb\",\"itemListElement\":[{\"@type\":\"ListItem\",\"position\":1,\"name\":\"Startseite\",\"item\":\"https:\\\/\\\/www.hyamarkt.de\\\/en\\\/\"},{\"@type\":\"ListItem\",\"position\":2,\"name\":\"Shop\",\"item\":\"https:\\\/\\\/www.hyamarkt.de\\\/shop\\\/\"},{\"@type\":\"ListItem\",\"position\":3,\"name\":\"Aliaxin GP Global Performance (2x1ml)\"}]},{\"@type\":\"WebSite\",\"@id\":\"https:\\\/\\\/www.hyamarkt.de\\\/en\\\/#website\",\"url\":\"https:\\\/\\\/www.hyamarkt.de\\\/en\\\/\",\"name\":\"HyaMarkt\",\"description\":\"\",\"publisher\":{\"@id\":\"https:\\\/\\\/www.hyamarkt.de\\\/en\\\/#organization\"},\"potentialAction\":[{\"@type\":\"SearchAction\",\"target\":{\"@type\":\"EntryPoint\",\"urlTemplate\":\"https:\\\/\\\/www.hyamarkt.de\\\/en\\\/?s={search_term_string}\"},\"query-input\":{\"@type\":\"PropertyValueSpecification\",\"valueRequired\":true,\"valueName\":\"search_term_string\"}}],\"inLanguage\":\"en-US\"},{\"@type\":\"Organization\",\"@id\":\"https:\\\/\\\/www.hyamarkt.de\\\/en\\\/#organization\",\"name\":\"HyaMarkt\",\"url\":\"https:\\\/\\\/www.hyamarkt.de\\\/en\\\/\",\"logo\":{\"@type\":\"ImageObject\",\"inLanguage\":\"en-US\",\"@id\":\"https:\\\/\\\/www.hyamarkt.de\\\/en\\\/#\\\/schema\\\/logo\\\/image\\\/\",\"url\":\"https:\\\/\\\/www.hyamarkt.de\\\/wp-content\\\/uploads\\\/2025\\\/10\\\/Hyamarkt-.png\",\"contentUrl\":\"https:\\\/\\\/www.hyamarkt.de\\\/wp-content\\\/uploads\\\/2025\\\/10\\\/Hyamarkt-.png\",\"width\":696,\"height\":696,\"caption\":\"HyaMarkt\"},\"image\":{\"@id\":\"https:\\\/\\\/www.hyamarkt.de\\\/en\\\/#\\\/schema\\\/logo\\\/image\\\/\"},\"description\":\"HyaMarkt ist dein Online Shop f\u00fcr die \u00e4sthetische Medizin. 10 Jahre Erfahrung im Bereich Sch\u00f6nheitsprodukte. F\u00fchrender Online-Shop f\u00fcr \u00e4sthetische Medizinprodukte. Unser Sortiment umfasst hochwertige Produkte, die Ihren \u00e4sthetischen Bed\u00fcrfnissen gerecht werden. Wir bieten eine Vielzahl von Injektionspr\u00e4paraten auf Hyalurons\u00e4urebasis anzubieten. Diese Produkte werden in der \u00e4sthetischen Medizin zur Behandlung von Falten, Volumenaufbau und Lippenvergr\u00f6\u00dferung verwendet. Unser Angebot umfasst auch Peelings, Produkte f\u00fcr die Mesotherapie, sowie Zubeh\u00f6r und Verbrauchsmaterialien.\",\"email\":\"kontakt@hyamarkt.de\",\"telephone\":\"+49 511 653 91 799\",\"legalName\":\"EB Beautywell Trading GmbH\"}]}<\/script>\n<meta property=\"product:price:amount\" content=\"107.10\" \/>\n<meta property=\"product:price:currency\" content=\"EUR\" \/>\n<meta property=\"og:availability\" content=\"instock\" \/>\n<meta property=\"product:availability\" content=\"instock\" \/>\n<meta property=\"product:retailer_item_id\" content=\"00560\" \/>\n<meta property=\"product:condition\" content=\"new\" \/>\n<!-- \/ Yoast SEO Premium plugin. -->","yoast_head_json":{"title":"Aliaxin GP Global Performance (2x1ml) \u2013 Hyaluronic Acid Dermal Filler for Deep Wrinkles & Volume Restoration","description":"Aliaxin GP dermal filler smooths deep wrinkles, restores facial volume, and delivers a natural lifting effect with firm, rejuvenated skin.","robots":{"index":"index","follow":"follow","max-snippet":"max-snippet:-1","max-image-preview":"max-image-preview:large","max-video-preview":"max-video-preview:-1"},"canonical":"https:\/\/www.hyamarkt.de\/en\/produkt\/aliaxin-gp-global-performance-2x1ml\/\/","og_locale":"en_US","og_type":"article","og_title":"Aliaxin GP Global Performance (2x1ml)","og_description":"Aliaxin GP dermal filler smooths deep wrinkles, restores facial volume, and delivers a natural lifting effect with firm, rejuvenated skin.","og_url":"https:\/\/www.hyamarkt.de\/en\/produkt\/aliaxin-gp-global-performance-2x1ml\/","og_site_name":"HyaMarkt","article_modified_time":"2026-04-13T15:03:23+00:00","og_image":[{"width":2160,"height":2160,"url":"https:\/\/www.hyamarkt.de\/wp-content\/uploads\/2025\/06\/Aliaxin-GP-Global-Performance-IBSA-front.jpg","type":"image\/jpeg"}],"twitter_card":"summary_large_image","twitter_misc":{"Price":"107,10&nbsp;&euro;","Availability":"In stock"},"schema":{"@context":"https:\/\/schema.org","@graph":[{"@type":["WebPage","ItemPage"],"@id":"https:\/\/www.hyamarkt.de\/en\/produkt\/aliaxin-gp-global-performance-2x1ml\/","url":"https:\/\/www.hyamarkt.de\/en\/produkt\/aliaxin-gp-global-performance-2x1ml\/","name":"Aliaxin GP Global Performance (2x1ml) \u2013 Hyaluronic Acid Dermal Filler for Deep Wrinkles & Volume Restoration","isPartOf":{"@id":"https:\/\/www.hyamarkt.de\/en\/#website"},"primaryImageOfPage":{"@id":"https:\/\/www.hyamarkt.de\/en\/produkt\/aliaxin-gp-global-performance-2x1ml\/#primaryimage"},"image":{"@id":"https:\/\/www.hyamarkt.de\/en\/produkt\/aliaxin-gp-global-performance-2x1ml\/#primaryimage"},"thumbnailUrl":"https:\/\/www.hyamarkt.de\/wp-content\/uploads\/2025\/06\/Aliaxin-GP-Global-Performance-IBSA-front.jpg","datePublished":"2025-07-30T13:32:22+00:00","dateModified":"2026-04-13T15:03:23+00:00","description":"Aliaxin GP dermal filler smooths deep wrinkles, restores facial volume, and delivers a natural lifting effect with firm, rejuvenated skin.","breadcrumb":{"@id":"https:\/\/www.hyamarkt.de\/en\/produkt\/aliaxin-gp-global-performance-2x1ml\/#breadcrumb"},"inLanguage":"en-US","potentialAction":[{"@type":"ReadAction","target":["https:\/\/www.hyamarkt.de\/en\/produkt\/aliaxin-gp-global-performance-2x1ml\/"]}]},{"@type":"ImageObject","inLanguage":"en-US","@id":"https:\/\/www.hyamarkt.de\/en\/produkt\/aliaxin-gp-global-performance-2x1ml\/#primaryimage","url":"https:\/\/www.hyamarkt.de\/wp-content\/uploads\/2025\/06\/Aliaxin-GP-Global-Performance-IBSA-front.jpg","contentUrl":"https:\/\/www.hyamarkt.de\/wp-content\/uploads\/2025\/06\/Aliaxin-GP-Global-Performance-IBSA-front.jpg","width":2160,"height":2160,"caption":"Aliaxin GP Global Performance 2x1ml \u2013 front view"},{"@type":"BreadcrumbList","@id":"https:\/\/www.hyamarkt.de\/en\/produkt\/aliaxin-gp-global-performance-2x1ml\/#breadcrumb","itemListElement":[{"@type":"ListItem","position":1,"name":"Startseite","item":"https:\/\/www.hyamarkt.de\/en\/"},{"@type":"ListItem","position":2,"name":"Shop","item":"https:\/\/www.hyamarkt.de\/shop\/"},{"@type":"ListItem","position":3,"name":"Aliaxin GP Global Performance (2x1ml)"}]},{"@type":"WebSite","@id":"https:\/\/www.hyamarkt.de\/en\/#website","url":"https:\/\/www.hyamarkt.de\/en\/","name":"HyaMarkt","description":"","publisher":{"@id":"https:\/\/www.hyamarkt.de\/en\/#organization"},"potentialAction":[{"@type":"SearchAction","target":{"@type":"EntryPoint","urlTemplate":"https:\/\/www.hyamarkt.de\/en\/?s={search_term_string}"},"query-input":{"@type":"PropertyValueSpecification","valueRequired":true,"valueName":"search_term_string"}}],"inLanguage":"en-US"},{"@type":"Organization","@id":"https:\/\/www.hyamarkt.de\/en\/#organization","name":"HyaMarkt","url":"https:\/\/www.hyamarkt.de\/en\/","logo":{"@type":"ImageObject","inLanguage":"en-US","@id":"https:\/\/www.hyamarkt.de\/en\/#\/schema\/logo\/image\/","url":"https:\/\/www.hyamarkt.de\/wp-content\/uploads\/2025\/10\/Hyamarkt-.png","contentUrl":"https:\/\/www.hyamarkt.de\/wp-content\/uploads\/2025\/10\/Hyamarkt-.png","width":696,"height":696,"caption":"HyaMarkt"},"image":{"@id":"https:\/\/www.hyamarkt.de\/en\/#\/schema\/logo\/image\/"},"description":"HyaMarkt ist dein Online Shop f\u00fcr die \u00e4sthetische Medizin. 10 Jahre Erfahrung im Bereich Sch\u00f6nheitsprodukte. F\u00fchrender Online-Shop f\u00fcr \u00e4sthetische Medizinprodukte. Unser Sortiment umfasst hochwertige Produkte, die Ihren \u00e4sthetischen Bed\u00fcrfnissen gerecht werden. Wir bieten eine Vielzahl von Injektionspr\u00e4paraten auf Hyalurons\u00e4urebasis anzubieten. Diese Produkte werden in der \u00e4sthetischen Medizin zur Behandlung von Falten, Volumenaufbau und Lippenvergr\u00f6\u00dferung verwendet. Unser Angebot umfasst auch Peelings, Produkte f\u00fcr die Mesotherapie, sowie Zubeh\u00f6r und Verbrauchsmaterialien.","email":"kontakt@hyamarkt.de","telephone":"+49 511 653 91 799","legalName":"EB Beautywell Trading GmbH"}]},"product_price_amount":"107.10","product_price_currency":"EUR","og_availability":"instock","product_availability":"instock","product_retailer_item_id":"00560","product_condition":"new"},"jetpack_sharing_enabled":true,"_links":{"self":[{"href":"https:\/\/www.hyamarkt.de\/en\/wp-json\/wp\/v2\/product\/44773","targetHints":{"allow":["GET"]}}],"collection":[{"href":"https:\/\/www.hyamarkt.de\/en\/wp-json\/wp\/v2\/product"}],"about":[{"href":"https:\/\/www.hyamarkt.de\/en\/wp-json\/wp\/v2\/types\/product"}],"replies":[{"embeddable":true,"href":"https:\/\/www.hyamarkt.de\/en\/wp-json\/wp\/v2\/comments?post=44773"}],"wp:featuredmedia":[{"embeddable":true,"href":"https:\/\/www.hyamarkt.de\/en\/wp-json\/wp\/v2\/media\/33998"}],"wp:attachment":[{"href":"https:\/\/www.hyamarkt.de\/en\/wp-json\/wp\/v2\/media?parent=44773"}],"wp:term":[{"taxonomy":"product_hersteller","embeddable":true,"href":"https:\/\/www.hyamarkt.de\/en\/wp-json\/wp\/v2\/product_hersteller?post=44773"},{"taxonomy":"product_brand","embeddable":true,"href":"https:\/\/www.hyamarkt.de\/en\/wp-json\/wp\/v2\/product_brand?post=44773"},{"taxonomy":"product_cat","embeddable":true,"href":"https:\/\/www.hyamarkt.de\/en\/wp-json\/wp\/v2\/product_cat?post=44773"},{"taxonomy":"product_tag","embeddable":true,"href":"https:\/\/www.hyamarkt.de\/en\/wp-json\/wp\/v2\/product_tag?post=44773"}],"curies":[{"name":"wp","href":"https:\/\/api.w.org\/{rel}","templated":true}]}}