{"id":44751,"date":"2023-02-25T17:45:51","date_gmt":"2023-02-25T16:45:51","guid":{"rendered":"https:\/\/www.hyamarkt.de\/produkt\/aessoa-deep-lidocaine-1x1ml\/"},"modified":"2026-04-13T12:30:40","modified_gmt":"2026-04-13T10:30:40","slug":"aessoa-deep-lidocaine-1x1ml","status":"publish","type":"product","link":"https:\/\/www.hyamarkt.de\/en\/produkt\/aessoa-deep-lidocaine-1x1ml\/","title":{"rendered":"Aessoa Deep Lidocaine (1\u00d71ml)"},"content":{"rendered":"<p>Why is Aessoa Deep Lidocaine a particularly effective dermal filler? Aessoa Deep addresses visible signs of skin ageing on several levels. Designed for mid-dermal to subcutaneous injection, the product helps improve the appearance of moderate to more pronounced wrinkles in various facial areas, such as nasolabial folds and glabellar lines. In addition, Aessoa Deep may also be used for non-surgical nose contouring.<\/p>\n<p>Aessoa Deep can also help restore lip volume that may have diminished over time, supporting a naturally fuller appearance.<\/p>\n<p>Its performance is based on a clear, more viscous hyaluronic acid gel of non-animal origin. The gel is highly concentrated and helps maintain skin hydration. As hyaluronic acid is biodegradable, the effect gradually diminishes over time. Results may last for up to 15 months.<\/p>\n<p>In addition, Aessoa Deep Lidocaine contains lidocaine, an ingredient that helps improve treatment comfort.<\/p>\n<p>Which treatment areas can Aessoa Deep be used for?<\/p>\n<p>Aessoa Deep is suitable for reducing the appearance of moderate to deep expression lines in the face, such as nasolabial folds, glabellar lines, and marionette lines. It may also be used for nose contouring and for enhancing lip volume according to individual needs.<\/p>\n","protected":false},"excerpt":{"rendered":"<p>Many people wish to enhance or rejuvenate their facial appearance. With the versatile product Aessoa Deep, this goal becomes more attainable: following treatment, the skin may appear firmer and more radiant.<br \/>\nWhether moderate to deep wrinkles, nasal irregularities, or naturally thinner lips \u2013 these concerns can be addressed with this dermal filler from Oreon Life Science. The effects may last for up to 15 months, supporting a refreshed and more youthful-looking appearance.<br \/>\nThe effect is based on non-animal hyaluronic acid, which is highly concentrated and has a slightly higher viscosity than standard formulations. Aessoa Deep also contains lidocaine, an ingredient that helps improve comfort during the treatment.<\/p>\n","protected":false},"featured_media":26004,"comment_status":"open","ping_status":"closed","template":"","meta":{"_acf_changed":false},"product_hersteller":[496],"product_brand":[],"product_cat":[791],"product_tag":[794],"class_list":{"0":"post-44751","1":"product","2":"type-product","3":"status-publish","4":"has-post-thumbnail","6":"product_hersteller-oreon-life-science","7":"product_cat-dermal-filler","8":"product_tag-aessoa","10":"first","11":"instock","12":"sale","13":"taxable","14":"shipping-taxable","15":"purchasable","16":"product-type-simple"},"acf":[],"yoast_head":"<!-- This site is optimized with the Yoast SEO Premium plugin v27.1 (Yoast SEO v27.4) - https:\/\/yoast.com\/product\/yoast-seo-premium-wordpress\/ -->\n<title>Aessoa Deep Lidocaine dermal filler<\/title>\n<meta name=\"description\" content=\"Buy Aessoa Deep Lidocaine Dermal Filler 1ml \u2013 Hyaluronic Acid Filler Online\" \/>\n<meta name=\"robots\" content=\"index, follow, max-snippet:-1, max-image-preview:large, max-video-preview:-1\" \/>\n<link rel=\"canonical\" href=\"https:\/\/www.hyamarkt.de\/en\/produkt\/aessoa-deep-lidocaine-1x1ml\/\/\" \/>\n<meta property=\"og:locale\" content=\"en_US\" \/>\n<meta property=\"og:type\" content=\"article\" \/>\n<meta property=\"og:title\" content=\"Aessoa Deep Lidocaine (1\u00d71ml)\" \/>\n<meta property=\"og:description\" content=\"Buy Aessoa Deep Lidocaine Dermal Filler 1ml \u2013 Hyaluronic Acid Filler Online\" \/>\n<meta property=\"og:url\" content=\"https:\/\/www.hyamarkt.de\/en\/produkt\/aessoa-deep-lidocaine-1x1ml\/\" \/>\n<meta property=\"og:site_name\" content=\"HyaMarkt\" \/>\n<meta property=\"article:modified_time\" content=\"2026-04-13T10:30:40+00:00\" \/>\n<meta property=\"og:image\" content=\"https:\/\/www.hyamarkt.de\/wp-content\/uploads\/2023\/02\/Aessoa-Deep-Front.jpg\" \/>\n\t<meta property=\"og:image:width\" content=\"2160\" \/>\n\t<meta property=\"og:image:height\" content=\"2160\" \/>\n\t<meta property=\"og:image:type\" content=\"image\/jpeg\" \/>\n<meta name=\"twitter:card\" content=\"summary_large_image\" \/>\n<meta name=\"twitter:label1\" content=\"Price\" \/>\n\t<meta name=\"twitter:data1\" content=\"33,32&nbsp;&euro;\" \/>\n\t<meta name=\"twitter:label2\" content=\"Availability\" \/>\n\t<meta name=\"twitter:data2\" content=\"In stock\" \/>\n<script type=\"application\/ld+json\" class=\"yoast-schema-graph\">{\"@context\":\"https:\\\/\\\/schema.org\",\"@graph\":[{\"@type\":[\"WebPage\",\"ItemPage\"],\"@id\":\"https:\\\/\\\/www.hyamarkt.de\\\/en\\\/produkt\\\/aessoa-deep-lidocaine-1x1ml\\\/\",\"url\":\"https:\\\/\\\/www.hyamarkt.de\\\/en\\\/produkt\\\/aessoa-deep-lidocaine-1x1ml\\\/\",\"name\":\"Aessoa Deep Lidocaine dermal filler\",\"isPartOf\":{\"@id\":\"https:\\\/\\\/www.hyamarkt.de\\\/en\\\/#website\"},\"primaryImageOfPage\":{\"@id\":\"https:\\\/\\\/www.hyamarkt.de\\\/en\\\/produkt\\\/aessoa-deep-lidocaine-1x1ml\\\/#primaryimage\"},\"image\":{\"@id\":\"https:\\\/\\\/www.hyamarkt.de\\\/en\\\/produkt\\\/aessoa-deep-lidocaine-1x1ml\\\/#primaryimage\"},\"thumbnailUrl\":\"https:\\\/\\\/www.hyamarkt.de\\\/wp-content\\\/uploads\\\/2023\\\/02\\\/Aessoa-Deep-Front.jpg\",\"datePublished\":\"2023-02-25T16:45:51+00:00\",\"dateModified\":\"2026-04-13T10:30:40+00:00\",\"description\":\"Buy Aessoa Deep Lidocaine Dermal Filler 1ml \u2013 Hyaluronic Acid Filler Online\",\"breadcrumb\":{\"@id\":\"https:\\\/\\\/www.hyamarkt.de\\\/en\\\/produkt\\\/aessoa-deep-lidocaine-1x1ml\\\/#breadcrumb\"},\"inLanguage\":\"en-US\",\"potentialAction\":[{\"@type\":\"ReadAction\",\"target\":[\"https:\\\/\\\/www.hyamarkt.de\\\/en\\\/produkt\\\/aessoa-deep-lidocaine-1x1ml\\\/\"]}]},{\"@type\":\"ImageObject\",\"inLanguage\":\"en-US\",\"@id\":\"https:\\\/\\\/www.hyamarkt.de\\\/en\\\/produkt\\\/aessoa-deep-lidocaine-1x1ml\\\/#primaryimage\",\"url\":\"https:\\\/\\\/www.hyamarkt.de\\\/wp-content\\\/uploads\\\/2023\\\/02\\\/Aessoa-Deep-Front.jpg\",\"contentUrl\":\"https:\\\/\\\/www.hyamarkt.de\\\/wp-content\\\/uploads\\\/2023\\\/02\\\/Aessoa-Deep-Front.jpg\",\"width\":2160,\"height\":2160,\"caption\":\"Aessoa Deep Lidocaine 1x1ml \u2013 Front View of Packaging\"},{\"@type\":\"BreadcrumbList\",\"@id\":\"https:\\\/\\\/www.hyamarkt.de\\\/en\\\/produkt\\\/aessoa-deep-lidocaine-1x1ml\\\/#breadcrumb\",\"itemListElement\":[{\"@type\":\"ListItem\",\"position\":1,\"name\":\"Startseite\",\"item\":\"https:\\\/\\\/www.hyamarkt.de\\\/en\\\/\"},{\"@type\":\"ListItem\",\"position\":2,\"name\":\"Shop\",\"item\":\"https:\\\/\\\/www.hyamarkt.de\\\/shop\\\/\"},{\"@type\":\"ListItem\",\"position\":3,\"name\":\"Aessoa Deep Lidocaine (1\u00d71ml)\"}]},{\"@type\":\"WebSite\",\"@id\":\"https:\\\/\\\/www.hyamarkt.de\\\/en\\\/#website\",\"url\":\"https:\\\/\\\/www.hyamarkt.de\\\/en\\\/\",\"name\":\"HyaMarkt\",\"description\":\"\",\"publisher\":{\"@id\":\"https:\\\/\\\/www.hyamarkt.de\\\/en\\\/#organization\"},\"potentialAction\":[{\"@type\":\"SearchAction\",\"target\":{\"@type\":\"EntryPoint\",\"urlTemplate\":\"https:\\\/\\\/www.hyamarkt.de\\\/en\\\/?s={search_term_string}\"},\"query-input\":{\"@type\":\"PropertyValueSpecification\",\"valueRequired\":true,\"valueName\":\"search_term_string\"}}],\"inLanguage\":\"en-US\"},{\"@type\":\"Organization\",\"@id\":\"https:\\\/\\\/www.hyamarkt.de\\\/en\\\/#organization\",\"name\":\"HyaMarkt\",\"url\":\"https:\\\/\\\/www.hyamarkt.de\\\/en\\\/\",\"logo\":{\"@type\":\"ImageObject\",\"inLanguage\":\"en-US\",\"@id\":\"https:\\\/\\\/www.hyamarkt.de\\\/en\\\/#\\\/schema\\\/logo\\\/image\\\/\",\"url\":\"https:\\\/\\\/www.hyamarkt.de\\\/wp-content\\\/uploads\\\/2025\\\/10\\\/Hyamarkt-.png\",\"contentUrl\":\"https:\\\/\\\/www.hyamarkt.de\\\/wp-content\\\/uploads\\\/2025\\\/10\\\/Hyamarkt-.png\",\"width\":696,\"height\":696,\"caption\":\"HyaMarkt\"},\"image\":{\"@id\":\"https:\\\/\\\/www.hyamarkt.de\\\/en\\\/#\\\/schema\\\/logo\\\/image\\\/\"},\"description\":\"HyaMarkt ist dein Online Shop f\u00fcr die \u00e4sthetische Medizin. 10 Jahre Erfahrung im Bereich Sch\u00f6nheitsprodukte. F\u00fchrender Online-Shop f\u00fcr \u00e4sthetische Medizinprodukte. Unser Sortiment umfasst hochwertige Produkte, die Ihren \u00e4sthetischen Bed\u00fcrfnissen gerecht werden. Wir bieten eine Vielzahl von Injektionspr\u00e4paraten auf Hyalurons\u00e4urebasis anzubieten. Diese Produkte werden in der \u00e4sthetischen Medizin zur Behandlung von Falten, Volumenaufbau und Lippenvergr\u00f6\u00dferung verwendet. Unser Angebot umfasst auch Peelings, Produkte f\u00fcr die Mesotherapie, sowie Zubeh\u00f6r und Verbrauchsmaterialien.\",\"email\":\"kontakt@hyamarkt.de\",\"telephone\":\"+49 511 653 91 799\",\"legalName\":\"EB Beautywell Trading GmbH\"}]}<\/script>\n<meta property=\"product:price:amount\" content=\"33.32\" \/>\n<meta property=\"product:price:currency\" content=\"EUR\" \/>\n<meta property=\"og:availability\" content=\"instock\" \/>\n<meta property=\"product:availability\" content=\"instock\" \/>\n<meta property=\"product:retailer_item_id\" content=\"00231\" \/>\n<meta property=\"product:condition\" content=\"new\" \/>\n<!-- \/ Yoast SEO Premium plugin. -->","yoast_head_json":{"title":"Aessoa Deep Lidocaine dermal filler","description":"Buy Aessoa Deep Lidocaine Dermal Filler 1ml \u2013 Hyaluronic Acid Filler Online","robots":{"index":"index","follow":"follow","max-snippet":"max-snippet:-1","max-image-preview":"max-image-preview:large","max-video-preview":"max-video-preview:-1"},"canonical":"https:\/\/www.hyamarkt.de\/en\/produkt\/aessoa-deep-lidocaine-1x1ml\/\/","og_locale":"en_US","og_type":"article","og_title":"Aessoa Deep Lidocaine (1\u00d71ml)","og_description":"Buy Aessoa Deep Lidocaine Dermal Filler 1ml \u2013 Hyaluronic Acid Filler Online","og_url":"https:\/\/www.hyamarkt.de\/en\/produkt\/aessoa-deep-lidocaine-1x1ml\/","og_site_name":"HyaMarkt","article_modified_time":"2026-04-13T10:30:40+00:00","og_image":[{"width":2160,"height":2160,"url":"https:\/\/www.hyamarkt.de\/wp-content\/uploads\/2023\/02\/Aessoa-Deep-Front.jpg","type":"image\/jpeg"}],"twitter_card":"summary_large_image","twitter_misc":{"Price":"33,32&nbsp;&euro;","Availability":"In stock"},"schema":{"@context":"https:\/\/schema.org","@graph":[{"@type":["WebPage","ItemPage"],"@id":"https:\/\/www.hyamarkt.de\/en\/produkt\/aessoa-deep-lidocaine-1x1ml\/","url":"https:\/\/www.hyamarkt.de\/en\/produkt\/aessoa-deep-lidocaine-1x1ml\/","name":"Aessoa Deep Lidocaine dermal filler","isPartOf":{"@id":"https:\/\/www.hyamarkt.de\/en\/#website"},"primaryImageOfPage":{"@id":"https:\/\/www.hyamarkt.de\/en\/produkt\/aessoa-deep-lidocaine-1x1ml\/#primaryimage"},"image":{"@id":"https:\/\/www.hyamarkt.de\/en\/produkt\/aessoa-deep-lidocaine-1x1ml\/#primaryimage"},"thumbnailUrl":"https:\/\/www.hyamarkt.de\/wp-content\/uploads\/2023\/02\/Aessoa-Deep-Front.jpg","datePublished":"2023-02-25T16:45:51+00:00","dateModified":"2026-04-13T10:30:40+00:00","description":"Buy Aessoa Deep Lidocaine Dermal Filler 1ml \u2013 Hyaluronic Acid Filler Online","breadcrumb":{"@id":"https:\/\/www.hyamarkt.de\/en\/produkt\/aessoa-deep-lidocaine-1x1ml\/#breadcrumb"},"inLanguage":"en-US","potentialAction":[{"@type":"ReadAction","target":["https:\/\/www.hyamarkt.de\/en\/produkt\/aessoa-deep-lidocaine-1x1ml\/"]}]},{"@type":"ImageObject","inLanguage":"en-US","@id":"https:\/\/www.hyamarkt.de\/en\/produkt\/aessoa-deep-lidocaine-1x1ml\/#primaryimage","url":"https:\/\/www.hyamarkt.de\/wp-content\/uploads\/2023\/02\/Aessoa-Deep-Front.jpg","contentUrl":"https:\/\/www.hyamarkt.de\/wp-content\/uploads\/2023\/02\/Aessoa-Deep-Front.jpg","width":2160,"height":2160,"caption":"Aessoa Deep Lidocaine 1x1ml \u2013 Front View of Packaging"},{"@type":"BreadcrumbList","@id":"https:\/\/www.hyamarkt.de\/en\/produkt\/aessoa-deep-lidocaine-1x1ml\/#breadcrumb","itemListElement":[{"@type":"ListItem","position":1,"name":"Startseite","item":"https:\/\/www.hyamarkt.de\/en\/"},{"@type":"ListItem","position":2,"name":"Shop","item":"https:\/\/www.hyamarkt.de\/shop\/"},{"@type":"ListItem","position":3,"name":"Aessoa Deep Lidocaine (1\u00d71ml)"}]},{"@type":"WebSite","@id":"https:\/\/www.hyamarkt.de\/en\/#website","url":"https:\/\/www.hyamarkt.de\/en\/","name":"HyaMarkt","description":"","publisher":{"@id":"https:\/\/www.hyamarkt.de\/en\/#organization"},"potentialAction":[{"@type":"SearchAction","target":{"@type":"EntryPoint","urlTemplate":"https:\/\/www.hyamarkt.de\/en\/?s={search_term_string}"},"query-input":{"@type":"PropertyValueSpecification","valueRequired":true,"valueName":"search_term_string"}}],"inLanguage":"en-US"},{"@type":"Organization","@id":"https:\/\/www.hyamarkt.de\/en\/#organization","name":"HyaMarkt","url":"https:\/\/www.hyamarkt.de\/en\/","logo":{"@type":"ImageObject","inLanguage":"en-US","@id":"https:\/\/www.hyamarkt.de\/en\/#\/schema\/logo\/image\/","url":"https:\/\/www.hyamarkt.de\/wp-content\/uploads\/2025\/10\/Hyamarkt-.png","contentUrl":"https:\/\/www.hyamarkt.de\/wp-content\/uploads\/2025\/10\/Hyamarkt-.png","width":696,"height":696,"caption":"HyaMarkt"},"image":{"@id":"https:\/\/www.hyamarkt.de\/en\/#\/schema\/logo\/image\/"},"description":"HyaMarkt ist dein Online Shop f\u00fcr die \u00e4sthetische Medizin. 10 Jahre Erfahrung im Bereich Sch\u00f6nheitsprodukte. F\u00fchrender Online-Shop f\u00fcr \u00e4sthetische Medizinprodukte. Unser Sortiment umfasst hochwertige Produkte, die Ihren \u00e4sthetischen Bed\u00fcrfnissen gerecht werden. Wir bieten eine Vielzahl von Injektionspr\u00e4paraten auf Hyalurons\u00e4urebasis anzubieten. Diese Produkte werden in der \u00e4sthetischen Medizin zur Behandlung von Falten, Volumenaufbau und Lippenvergr\u00f6\u00dferung verwendet. Unser Angebot umfasst auch Peelings, Produkte f\u00fcr die Mesotherapie, sowie Zubeh\u00f6r und Verbrauchsmaterialien.","email":"kontakt@hyamarkt.de","telephone":"+49 511 653 91 799","legalName":"EB Beautywell Trading GmbH"}]},"product_price_amount":"33.32","product_price_currency":"EUR","og_availability":"instock","product_availability":"instock","product_retailer_item_id":"00231","product_condition":"new"},"jetpack_sharing_enabled":true,"_links":{"self":[{"href":"https:\/\/www.hyamarkt.de\/en\/wp-json\/wp\/v2\/product\/44751","targetHints":{"allow":["GET"]}}],"collection":[{"href":"https:\/\/www.hyamarkt.de\/en\/wp-json\/wp\/v2\/product"}],"about":[{"href":"https:\/\/www.hyamarkt.de\/en\/wp-json\/wp\/v2\/types\/product"}],"replies":[{"embeddable":true,"href":"https:\/\/www.hyamarkt.de\/en\/wp-json\/wp\/v2\/comments?post=44751"}],"wp:featuredmedia":[{"embeddable":true,"href":"https:\/\/www.hyamarkt.de\/en\/wp-json\/wp\/v2\/media\/26004"}],"wp:attachment":[{"href":"https:\/\/www.hyamarkt.de\/en\/wp-json\/wp\/v2\/media?parent=44751"}],"wp:term":[{"taxonomy":"product_hersteller","embeddable":true,"href":"https:\/\/www.hyamarkt.de\/en\/wp-json\/wp\/v2\/product_hersteller?post=44751"},{"taxonomy":"product_brand","embeddable":true,"href":"https:\/\/www.hyamarkt.de\/en\/wp-json\/wp\/v2\/product_brand?post=44751"},{"taxonomy":"product_cat","embeddable":true,"href":"https:\/\/www.hyamarkt.de\/en\/wp-json\/wp\/v2\/product_cat?post=44751"},{"taxonomy":"product_tag","embeddable":true,"href":"https:\/\/www.hyamarkt.de\/en\/wp-json\/wp\/v2\/product_tag?post=44751"}],"curies":[{"name":"wp","href":"https:\/\/api.w.org\/{rel}","templated":true}]}}