{"id":30501,"date":"2024-12-10T15:46:39","date_gmt":"2024-12-10T14:46:39","guid":{"rendered":"https:\/\/www.hyamarkt.de\/produkt\/croma-tsk-steriglide-kanuelen-20er-set\/"},"modified":"2026-04-01T12:58:15","modified_gmt":"2026-04-01T10:58:15","slug":"croma-tsk-steriglide-kanuelen-20er-set","status":"publish","type":"product","link":"https:\/\/www.hyamarkt.de\/en\/produkt\/croma-tsk-steriglide-kanuelen-20er-set\/","title":{"rendered":"Croma TSK Steriglide Kan\u00fclen \u2013 20er Set"},"content":{"rendered":"<p>Croma TSK Steriglide cannulas are market-leading medical cannulas specially designed for precise and comfortable injections. Since their award-winning launch in 2012, these cannulas have set new standards in aesthetic and mesotherapy thanks to their innovative technology. Featuring a specially coated steel cannula and a dome-shaped tip, Steriglide cannulas glide easily under the skin, reducing the risk of bruising and providing patients with a more comfortable treatment experience.<\/p>\n<p><strong>Advantages of TSK Steriglide Cannulas:<\/strong><\/p>\n<ul>\n<li><strong>Better glide:<\/strong> Reduces friction and allows for smooth insertion.<\/li>\n<li><strong>Minimized risk of bruising:<\/strong> Protects blood vessels with a domed tip and side outlet.<\/li>\n<li><strong>Optimal precision:<\/strong> Markings indicate the position of the cannula opening and facilitate handling.<\/li>\n<\/ul>\n","protected":false},"excerpt":{"rendered":"<p>Croma TSK Steriglide cannulas offer a precise and comfortable solution for aesthetic treatments. They improve glide, minimize the risk of hematoma, and provide a more pleasant experience for patients.<\/p>\n","protected":false},"featured_media":29238,"comment_status":"open","ping_status":"closed","template":"","meta":{"_acf_changed":false},"product_hersteller":[473],"product_brand":[],"product_cat":[664],"product_tag":[665],"class_list":{"0":"post-30501","1":"product","2":"type-product","3":"status-publish","4":"has-post-thumbnail","6":"product_hersteller-croma","7":"product_cat-cannulas","8":"product_tag-steriglide-en","10":"first","11":"instock","12":"sale","13":"taxable","14":"shipping-taxable","15":"purchasable","16":"product-type-variable"},"acf":[],"yoast_head":"<!-- This site is optimized with the Yoast SEO Premium plugin v27.1 (Yoast SEO v27.3) - https:\/\/yoast.com\/product\/yoast-seo-premium-wordpress\/ -->\n<title>Croma TSK Steriglide Cannulas \u2013 Set of 20<\/title>\n<meta name=\"description\" content=\"Croma TSK Steriglide cannulas are market-leading medical cannulas specially designed for precise and comfortable injections.\" \/>\n<meta name=\"robots\" content=\"index, follow, max-snippet:-1, max-image-preview:large, max-video-preview:-1\" \/>\n<link rel=\"canonical\" href=\"https:\/\/www.hyamarkt.de\/en\/produkt\/croma-tsk-steriglide-kanuelen-20er-set\/\/\" \/>\n<meta property=\"og:locale\" content=\"en_US\" \/>\n<meta property=\"og:type\" content=\"article\" \/>\n<meta property=\"og:title\" content=\"Croma TSK Steriglide Kan\u00fclen \u2013 20er Set\" \/>\n<meta property=\"og:description\" content=\"Croma TSK Steriglide cannulas are market-leading medical cannulas specially designed for precise and comfortable injections.\" \/>\n<meta property=\"og:url\" content=\"https:\/\/www.hyamarkt.de\/en\/produkt\/croma-tsk-steriglide-kanuelen-20er-set\/\" \/>\n<meta property=\"og:site_name\" content=\"HyaMarkt\" \/>\n<meta property=\"article:modified_time\" content=\"2026-04-01T10:58:15+00:00\" \/>\n<meta property=\"og:image\" content=\"https:\/\/www.hyamarkt.de\/wp-content\/uploads\/2024\/12\/Croma-Steriglide-Cannulas-front.jpg\" \/>\n\t<meta property=\"og:image:width\" content=\"2160\" \/>\n\t<meta property=\"og:image:height\" content=\"2160\" \/>\n\t<meta property=\"og:image:type\" content=\"image\/jpeg\" \/>\n<meta name=\"twitter:card\" content=\"summary_large_image\" \/>\n<meta name=\"twitter:label1\" content=\"Availability\" \/>\n\t<meta name=\"twitter:data1\" content=\"In stock\" \/>\n<script type=\"application\/ld+json\" class=\"yoast-schema-graph\">{\"@context\":\"https:\\\/\\\/schema.org\",\"@graph\":[{\"@type\":[\"WebPage\",\"ItemPage\"],\"@id\":\"https:\\\/\\\/www.hyamarkt.de\\\/en\\\/produkt\\\/croma-tsk-steriglide-kanuelen-20er-set\\\/\",\"url\":\"https:\\\/\\\/www.hyamarkt.de\\\/en\\\/produkt\\\/croma-tsk-steriglide-kanuelen-20er-set\\\/\",\"name\":\"Croma TSK Steriglide Cannulas \u2013 Set of 20\",\"isPartOf\":{\"@id\":\"https:\\\/\\\/www.hyamarkt.de\\\/en\\\/#website\"},\"primaryImageOfPage\":{\"@id\":\"https:\\\/\\\/www.hyamarkt.de\\\/en\\\/produkt\\\/croma-tsk-steriglide-kanuelen-20er-set\\\/#primaryimage\"},\"image\":{\"@id\":\"https:\\\/\\\/www.hyamarkt.de\\\/en\\\/produkt\\\/croma-tsk-steriglide-kanuelen-20er-set\\\/#primaryimage\"},\"thumbnailUrl\":\"https:\\\/\\\/www.hyamarkt.de\\\/wp-content\\\/uploads\\\/2024\\\/12\\\/Croma-Steriglide-Cannulas-front.jpg\",\"datePublished\":\"2024-12-10T14:46:39+00:00\",\"dateModified\":\"2026-04-01T10:58:15+00:00\",\"description\":\"Croma TSK Steriglide cannulas are market-leading medical cannulas specially designed for precise and comfortable injections.\",\"breadcrumb\":{\"@id\":\"https:\\\/\\\/www.hyamarkt.de\\\/en\\\/produkt\\\/croma-tsk-steriglide-kanuelen-20er-set\\\/#breadcrumb\"},\"inLanguage\":\"en-US\",\"potentialAction\":[{\"@type\":\"ReadAction\",\"target\":[\"https:\\\/\\\/www.hyamarkt.de\\\/en\\\/produkt\\\/croma-tsk-steriglide-kanuelen-20er-set\\\/\"]}]},{\"@type\":\"ImageObject\",\"inLanguage\":\"en-US\",\"@id\":\"https:\\\/\\\/www.hyamarkt.de\\\/en\\\/produkt\\\/croma-tsk-steriglide-kanuelen-20er-set\\\/#primaryimage\",\"url\":\"https:\\\/\\\/www.hyamarkt.de\\\/wp-content\\\/uploads\\\/2024\\\/12\\\/Croma-Steriglide-Cannulas-front.jpg\",\"contentUrl\":\"https:\\\/\\\/www.hyamarkt.de\\\/wp-content\\\/uploads\\\/2024\\\/12\\\/Croma-Steriglide-Cannulas-front.jpg\",\"width\":2160,\"height\":2160,\"caption\":\"Croma Steriglide Cannulas front\"},{\"@type\":\"BreadcrumbList\",\"@id\":\"https:\\\/\\\/www.hyamarkt.de\\\/en\\\/produkt\\\/croma-tsk-steriglide-kanuelen-20er-set\\\/#breadcrumb\",\"itemListElement\":[{\"@type\":\"ListItem\",\"position\":1,\"name\":\"Startseite\",\"item\":\"https:\\\/\\\/www.hyamarkt.de\\\/en\\\/\"},{\"@type\":\"ListItem\",\"position\":2,\"name\":\"Shop\",\"item\":\"https:\\\/\\\/www.hyamarkt.de\\\/shop\\\/\"},{\"@type\":\"ListItem\",\"position\":3,\"name\":\"Croma TSK Steriglide Kan\u00fclen \u2013 20er Set\"}]},{\"@type\":\"WebSite\",\"@id\":\"https:\\\/\\\/www.hyamarkt.de\\\/en\\\/#website\",\"url\":\"https:\\\/\\\/www.hyamarkt.de\\\/en\\\/\",\"name\":\"HyaMarkt\",\"description\":\"\",\"publisher\":{\"@id\":\"https:\\\/\\\/www.hyamarkt.de\\\/en\\\/#organization\"},\"potentialAction\":[{\"@type\":\"SearchAction\",\"target\":{\"@type\":\"EntryPoint\",\"urlTemplate\":\"https:\\\/\\\/www.hyamarkt.de\\\/en\\\/?s={search_term_string}\"},\"query-input\":{\"@type\":\"PropertyValueSpecification\",\"valueRequired\":true,\"valueName\":\"search_term_string\"}}],\"inLanguage\":\"en-US\"},{\"@type\":\"Organization\",\"@id\":\"https:\\\/\\\/www.hyamarkt.de\\\/en\\\/#organization\",\"name\":\"HyaMarkt\",\"url\":\"https:\\\/\\\/www.hyamarkt.de\\\/en\\\/\",\"logo\":{\"@type\":\"ImageObject\",\"inLanguage\":\"en-US\",\"@id\":\"https:\\\/\\\/www.hyamarkt.de\\\/en\\\/#\\\/schema\\\/logo\\\/image\\\/\",\"url\":\"https:\\\/\\\/www.hyamarkt.de\\\/wp-content\\\/uploads\\\/2025\\\/10\\\/Hyamarkt-.png\",\"contentUrl\":\"https:\\\/\\\/www.hyamarkt.de\\\/wp-content\\\/uploads\\\/2025\\\/10\\\/Hyamarkt-.png\",\"width\":696,\"height\":696,\"caption\":\"HyaMarkt\"},\"image\":{\"@id\":\"https:\\\/\\\/www.hyamarkt.de\\\/en\\\/#\\\/schema\\\/logo\\\/image\\\/\"},\"description\":\"HyaMarkt ist dein Online Shop f\u00fcr die \u00e4sthetische Medizin. 10 Jahre Erfahrung im Bereich Sch\u00f6nheitsprodukte. F\u00fchrender Online-Shop f\u00fcr \u00e4sthetische Medizinprodukte. Unser Sortiment umfasst hochwertige Produkte, die Ihren \u00e4sthetischen Bed\u00fcrfnissen gerecht werden. Wir bieten eine Vielzahl von Injektionspr\u00e4paraten auf Hyalurons\u00e4urebasis anzubieten. Diese Produkte werden in der \u00e4sthetischen Medizin zur Behandlung von Falten, Volumenaufbau und Lippenvergr\u00f6\u00dferung verwendet. Unser Angebot umfasst auch Peelings, Produkte f\u00fcr die Mesotherapie, sowie Zubeh\u00f6r und Verbrauchsmaterialien.\",\"email\":\"kontakt@hyamarkt.de\",\"telephone\":\"+49 511 653 91 799\",\"legalName\":\"EB Beautywell Trading GmbH\"}]}<\/script>\n<meta property=\"og:availability\" content=\"instock\" \/>\n<meta property=\"product:availability\" content=\"instock\" \/>\n<meta property=\"product:condition\" content=\"new\" \/>\n<!-- \/ Yoast SEO Premium plugin. -->","yoast_head_json":{"title":"Croma TSK Steriglide Cannulas \u2013 Set of 20","description":"Croma TSK Steriglide cannulas are market-leading medical cannulas specially designed for precise and comfortable injections.","robots":{"index":"index","follow":"follow","max-snippet":"max-snippet:-1","max-image-preview":"max-image-preview:large","max-video-preview":"max-video-preview:-1"},"canonical":"https:\/\/www.hyamarkt.de\/en\/produkt\/croma-tsk-steriglide-kanuelen-20er-set\/\/","og_locale":"en_US","og_type":"article","og_title":"Croma TSK Steriglide Kan\u00fclen \u2013 20er Set","og_description":"Croma TSK Steriglide cannulas are market-leading medical cannulas specially designed for precise and comfortable injections.","og_url":"https:\/\/www.hyamarkt.de\/en\/produkt\/croma-tsk-steriglide-kanuelen-20er-set\/","og_site_name":"HyaMarkt","article_modified_time":"2026-04-01T10:58:15+00:00","og_image":[{"width":2160,"height":2160,"url":"https:\/\/www.hyamarkt.de\/wp-content\/uploads\/2024\/12\/Croma-Steriglide-Cannulas-front.jpg","type":"image\/jpeg"}],"twitter_card":"summary_large_image","twitter_misc":{"Availability":"In stock"},"schema":{"@context":"https:\/\/schema.org","@graph":[{"@type":["WebPage","ItemPage"],"@id":"https:\/\/www.hyamarkt.de\/en\/produkt\/croma-tsk-steriglide-kanuelen-20er-set\/","url":"https:\/\/www.hyamarkt.de\/en\/produkt\/croma-tsk-steriglide-kanuelen-20er-set\/","name":"Croma TSK Steriglide Cannulas \u2013 Set of 20","isPartOf":{"@id":"https:\/\/www.hyamarkt.de\/en\/#website"},"primaryImageOfPage":{"@id":"https:\/\/www.hyamarkt.de\/en\/produkt\/croma-tsk-steriglide-kanuelen-20er-set\/#primaryimage"},"image":{"@id":"https:\/\/www.hyamarkt.de\/en\/produkt\/croma-tsk-steriglide-kanuelen-20er-set\/#primaryimage"},"thumbnailUrl":"https:\/\/www.hyamarkt.de\/wp-content\/uploads\/2024\/12\/Croma-Steriglide-Cannulas-front.jpg","datePublished":"2024-12-10T14:46:39+00:00","dateModified":"2026-04-01T10:58:15+00:00","description":"Croma TSK Steriglide cannulas are market-leading medical cannulas specially designed for precise and comfortable injections.","breadcrumb":{"@id":"https:\/\/www.hyamarkt.de\/en\/produkt\/croma-tsk-steriglide-kanuelen-20er-set\/#breadcrumb"},"inLanguage":"en-US","potentialAction":[{"@type":"ReadAction","target":["https:\/\/www.hyamarkt.de\/en\/produkt\/croma-tsk-steriglide-kanuelen-20er-set\/"]}]},{"@type":"ImageObject","inLanguage":"en-US","@id":"https:\/\/www.hyamarkt.de\/en\/produkt\/croma-tsk-steriglide-kanuelen-20er-set\/#primaryimage","url":"https:\/\/www.hyamarkt.de\/wp-content\/uploads\/2024\/12\/Croma-Steriglide-Cannulas-front.jpg","contentUrl":"https:\/\/www.hyamarkt.de\/wp-content\/uploads\/2024\/12\/Croma-Steriglide-Cannulas-front.jpg","width":2160,"height":2160,"caption":"Croma Steriglide Cannulas front"},{"@type":"BreadcrumbList","@id":"https:\/\/www.hyamarkt.de\/en\/produkt\/croma-tsk-steriglide-kanuelen-20er-set\/#breadcrumb","itemListElement":[{"@type":"ListItem","position":1,"name":"Startseite","item":"https:\/\/www.hyamarkt.de\/en\/"},{"@type":"ListItem","position":2,"name":"Shop","item":"https:\/\/www.hyamarkt.de\/shop\/"},{"@type":"ListItem","position":3,"name":"Croma TSK Steriglide Kan\u00fclen \u2013 20er Set"}]},{"@type":"WebSite","@id":"https:\/\/www.hyamarkt.de\/en\/#website","url":"https:\/\/www.hyamarkt.de\/en\/","name":"HyaMarkt","description":"","publisher":{"@id":"https:\/\/www.hyamarkt.de\/en\/#organization"},"potentialAction":[{"@type":"SearchAction","target":{"@type":"EntryPoint","urlTemplate":"https:\/\/www.hyamarkt.de\/en\/?s={search_term_string}"},"query-input":{"@type":"PropertyValueSpecification","valueRequired":true,"valueName":"search_term_string"}}],"inLanguage":"en-US"},{"@type":"Organization","@id":"https:\/\/www.hyamarkt.de\/en\/#organization","name":"HyaMarkt","url":"https:\/\/www.hyamarkt.de\/en\/","logo":{"@type":"ImageObject","inLanguage":"en-US","@id":"https:\/\/www.hyamarkt.de\/en\/#\/schema\/logo\/image\/","url":"https:\/\/www.hyamarkt.de\/wp-content\/uploads\/2025\/10\/Hyamarkt-.png","contentUrl":"https:\/\/www.hyamarkt.de\/wp-content\/uploads\/2025\/10\/Hyamarkt-.png","width":696,"height":696,"caption":"HyaMarkt"},"image":{"@id":"https:\/\/www.hyamarkt.de\/en\/#\/schema\/logo\/image\/"},"description":"HyaMarkt ist dein Online Shop f\u00fcr die \u00e4sthetische Medizin. 10 Jahre Erfahrung im Bereich Sch\u00f6nheitsprodukte. F\u00fchrender Online-Shop f\u00fcr \u00e4sthetische Medizinprodukte. Unser Sortiment umfasst hochwertige Produkte, die Ihren \u00e4sthetischen Bed\u00fcrfnissen gerecht werden. Wir bieten eine Vielzahl von Injektionspr\u00e4paraten auf Hyalurons\u00e4urebasis anzubieten. Diese Produkte werden in der \u00e4sthetischen Medizin zur Behandlung von Falten, Volumenaufbau und Lippenvergr\u00f6\u00dferung verwendet. Unser Angebot umfasst auch Peelings, Produkte f\u00fcr die Mesotherapie, sowie Zubeh\u00f6r und Verbrauchsmaterialien.","email":"kontakt@hyamarkt.de","telephone":"+49 511 653 91 799","legalName":"EB Beautywell Trading GmbH"}]},"og_availability":"instock","product_availability":"instock","product_condition":"new"},"jetpack_sharing_enabled":true,"_links":{"self":[{"href":"https:\/\/www.hyamarkt.de\/en\/wp-json\/wp\/v2\/product\/30501","targetHints":{"allow":["GET"]}}],"collection":[{"href":"https:\/\/www.hyamarkt.de\/en\/wp-json\/wp\/v2\/product"}],"about":[{"href":"https:\/\/www.hyamarkt.de\/en\/wp-json\/wp\/v2\/types\/product"}],"replies":[{"embeddable":true,"href":"https:\/\/www.hyamarkt.de\/en\/wp-json\/wp\/v2\/comments?post=30501"}],"wp:featuredmedia":[{"embeddable":true,"href":"https:\/\/www.hyamarkt.de\/en\/wp-json\/wp\/v2\/media\/29238"}],"wp:attachment":[{"href":"https:\/\/www.hyamarkt.de\/en\/wp-json\/wp\/v2\/media?parent=30501"}],"wp:term":[{"taxonomy":"product_hersteller","embeddable":true,"href":"https:\/\/www.hyamarkt.de\/en\/wp-json\/wp\/v2\/product_hersteller?post=30501"},{"taxonomy":"product_brand","embeddable":true,"href":"https:\/\/www.hyamarkt.de\/en\/wp-json\/wp\/v2\/product_brand?post=30501"},{"taxonomy":"product_cat","embeddable":true,"href":"https:\/\/www.hyamarkt.de\/en\/wp-json\/wp\/v2\/product_cat?post=30501"},{"taxonomy":"product_tag","embeddable":true,"href":"https:\/\/www.hyamarkt.de\/en\/wp-json\/wp\/v2\/product_tag?post=30501"}],"curies":[{"name":"wp","href":"https:\/\/api.w.org\/{rel}","templated":true}]}}