{"id":30553,"date":"2019-06-18T09:56:04","date_gmt":"2019-06-18T07:56:04","guid":{"rendered":"https:\/\/www.hyamarkt.de\/?page_id=30553"},"modified":"2025-04-07T07:37:54","modified_gmt":"2025-04-07T05:37:54","slug":"appendix-for-calculating-delivery-times","status":"publish","type":"page","link":"https:\/\/www.hyamarkt.de\/en\/appendix-for-calculating-delivery-times\/","title":{"rendered":"Appendix for calculating delivery times"},"content":{"rendered":"<p>All orders are processed exclusively on working days, Monday to Friday, between 9:00 a.m. and 2:00 p.m. Standard delivery typically takes 2-3 business days. After the first unsuccessful delivery attempt, the driver may take the package to a parcel shop or branch. In this case, the package must be picked up from the parcel shop within 7 business days.<\/p>\n<p>All orders are delivered only with a recipient&#8217;s signature. Delivery requests such as &#8220;to the door,&#8221; &#8220;in our trash can,&#8221; or similar cannot be accommodated. If the customer forwards such delivery options to DHL\/UPS, our company assumes no liability for lost packages.<\/p>\n<p>Orders with express delivery are also processed exclusively on working days, Monday to Friday, between 9:00 a.m. and 2:00 p.m. Express delivery is usually by the end of the next business day (Monday to Friday). This means that goods ordered after 2:01 p.m. on Thursday will not be packed and shipped until Friday between 9:00 a.m. and 2:00 p.m. and will arrive by the end of the day the following Monday. Express shipping orders placed after 2:01 p.m. on Friday will be processed between 9:00 a.m. and 2:00 p.m. on Monday and will not arrive until Tuesday.<\/p>\n<p><strong><u>Attachment regarding the information for calculating delivery times:<\/u><\/strong><\/p>\n<p><strong><u>1.<\/u><\/strong><\/p>\n<p>On the listing page, enter the delivery time for each item and mark it with an asterisk.<\/p>\n<p><u>Example:<\/u><\/p>\n<p>Delivery time: 3-5 business days*<\/p>\n<p>or<\/p>\n<p>Delivery time max. 5 business days*<\/p>\n<p>Note on the placement of the notice:<\/p>\n<p>The notice regarding delivery times must be placed in such a way that the consumer can definitely take note of it before submitting their contract. If the delivery time is no longer provided as part of the electronic product ordering process, the notice must be placed in the online shop in such a way that the consumer can definitely take note of it before initiating the ordering process, i.e., before placing the product in the virtual shopping cart.<\/p>\n<p><strong><u>2.<\/u><\/strong><\/p>\n<p>Resolve the asterisk (*) in the footer of the offer page by clarifying how the delivery period is calculated.<\/p>\n<p><u>Example:<\/u><\/p>\n<p>*Applies to deliveries to Germany. For information on calculating the delivery date and international shipping, see &#8220;<u>Link to the shipping information page<\/u>&#8221; here.<\/p>\n<p><strong>Shipping information page (&#8220;Shipping Information&#8221;):<\/strong><\/p>\n<p><u>Example:<\/u><\/p>\n<p>Information on calculating the delivery date<\/p>\n<p>For advance payment, the delivery period begins on the day after the payment order is issued to the transferring bank and ends on the last day of the period. If the last day of the period falls on a Saturday, Sunday, or a state-recognized public holiday at the place of delivery, the next business day shall take the place of such a day.<\/p>\n","protected":false},"excerpt":{"rendered":"<p>All orders are processed exclusively on working days, Monday to Friday, between 9:00 a.m. and 2:00 p.m. Standard delivery typically takes 2-3 business days. After the first unsuccessful delivery attempt, the driver may take the package to a parcel shop or branch. In this case, the package must be picked up from the parcel shop [&hellip;]<\/p>\n","protected":false},"author":1628,"featured_media":0,"parent":0,"menu_order":0,"comment_status":"closed","ping_status":"closed","template":"","meta":{"_acf_changed":false,"footnotes":""},"class_list":["post-30553","page","type-page","status-publish","hentry"],"acf":[],"yoast_head":"<!-- This site is optimized with the Yoast SEO Premium plugin v27.1 (Yoast SEO v27.3) - https:\/\/yoast.com\/product\/yoast-seo-premium-wordpress\/ -->\n<title>Appendix for calculating delivery times - HyaMarkt<\/title>\n<meta name=\"robots\" content=\"index, follow, max-snippet:-1, max-image-preview:large, max-video-preview:-1\" \/>\n<link rel=\"canonical\" href=\"https:\/\/www.hyamarkt.de\/en\/appendix-for-calculating-delivery-times\/\/\" \/>\n<meta property=\"og:locale\" content=\"en_US\" \/>\n<meta property=\"og:type\" content=\"article\" \/>\n<meta property=\"og:title\" content=\"Appendix for calculating delivery times\" \/>\n<meta property=\"og:description\" content=\"All orders are processed exclusively on working days, Monday to Friday, between 9:00 a.m. and 2:00 p.m. Standard delivery typically takes 2-3 business days. After the first unsuccessful delivery attempt, the driver may take the package to a parcel shop or branch. In this case, the package must be picked up from the parcel shop [&hellip;]\" \/>\n<meta property=\"og:url\" content=\"https:\/\/www.hyamarkt.de\/en\/appendix-for-calculating-delivery-times\/\" \/>\n<meta property=\"og:site_name\" content=\"HyaMarkt\" \/>\n<meta property=\"article:modified_time\" content=\"2025-04-07T05:37:54+00:00\" \/>\n<meta name=\"twitter:card\" content=\"summary_large_image\" \/>\n<meta name=\"twitter:label1\" content=\"Est. reading time\" \/>\n\t<meta name=\"twitter:data1\" content=\"3 minutes\" \/>\n<script type=\"application\/ld+json\" class=\"yoast-schema-graph\">{\"@context\":\"https:\\\/\\\/schema.org\",\"@graph\":[{\"@type\":\"WebPage\",\"@id\":\"https:\\\/\\\/www.hyamarkt.de\\\/en\\\/appendix-for-calculating-delivery-times\\\/\",\"url\":\"https:\\\/\\\/www.hyamarkt.de\\\/en\\\/appendix-for-calculating-delivery-times\\\/\",\"name\":\"Appendix for calculating delivery times - HyaMarkt\",\"isPartOf\":{\"@id\":\"https:\\\/\\\/www.hyamarkt.de\\\/en\\\/#website\"},\"datePublished\":\"2019-06-18T07:56:04+00:00\",\"dateModified\":\"2025-04-07T05:37:54+00:00\",\"breadcrumb\":{\"@id\":\"https:\\\/\\\/www.hyamarkt.de\\\/en\\\/appendix-for-calculating-delivery-times\\\/#breadcrumb\"},\"inLanguage\":\"en-US\",\"potentialAction\":[{\"@type\":\"ReadAction\",\"target\":[\"https:\\\/\\\/www.hyamarkt.de\\\/en\\\/appendix-for-calculating-delivery-times\\\/\"]}]},{\"@type\":\"BreadcrumbList\",\"@id\":\"https:\\\/\\\/www.hyamarkt.de\\\/en\\\/appendix-for-calculating-delivery-times\\\/#breadcrumb\",\"itemListElement\":[{\"@type\":\"ListItem\",\"position\":1,\"name\":\"Startseite\",\"item\":\"https:\\\/\\\/www.hyamarkt.de\\\/en\\\/\"},{\"@type\":\"ListItem\",\"position\":2,\"name\":\"Appendix for calculating delivery times\"}]},{\"@type\":\"WebSite\",\"@id\":\"https:\\\/\\\/www.hyamarkt.de\\\/en\\\/#website\",\"url\":\"https:\\\/\\\/www.hyamarkt.de\\\/en\\\/\",\"name\":\"HyaMarkt\",\"description\":\"\",\"publisher\":{\"@id\":\"https:\\\/\\\/www.hyamarkt.de\\\/en\\\/#organization\"},\"potentialAction\":[{\"@type\":\"SearchAction\",\"target\":{\"@type\":\"EntryPoint\",\"urlTemplate\":\"https:\\\/\\\/www.hyamarkt.de\\\/en\\\/?s={search_term_string}\"},\"query-input\":{\"@type\":\"PropertyValueSpecification\",\"valueRequired\":true,\"valueName\":\"search_term_string\"}}],\"inLanguage\":\"en-US\"},{\"@type\":\"Organization\",\"@id\":\"https:\\\/\\\/www.hyamarkt.de\\\/en\\\/#organization\",\"name\":\"HyaMarkt\",\"url\":\"https:\\\/\\\/www.hyamarkt.de\\\/en\\\/\",\"logo\":{\"@type\":\"ImageObject\",\"inLanguage\":\"en-US\",\"@id\":\"https:\\\/\\\/www.hyamarkt.de\\\/en\\\/#\\\/schema\\\/logo\\\/image\\\/\",\"url\":\"https:\\\/\\\/www.hyamarkt.de\\\/wp-content\\\/uploads\\\/2025\\\/10\\\/Hyamarkt-.png\",\"contentUrl\":\"https:\\\/\\\/www.hyamarkt.de\\\/wp-content\\\/uploads\\\/2025\\\/10\\\/Hyamarkt-.png\",\"width\":696,\"height\":696,\"caption\":\"HyaMarkt\"},\"image\":{\"@id\":\"https:\\\/\\\/www.hyamarkt.de\\\/en\\\/#\\\/schema\\\/logo\\\/image\\\/\"},\"description\":\"HyaMarkt ist dein Online Shop f\u00fcr die \u00e4sthetische Medizin. 10 Jahre Erfahrung im Bereich Sch\u00f6nheitsprodukte. F\u00fchrender Online-Shop f\u00fcr \u00e4sthetische Medizinprodukte. Unser Sortiment umfasst hochwertige Produkte, die Ihren \u00e4sthetischen Bed\u00fcrfnissen gerecht werden. Wir bieten eine Vielzahl von Injektionspr\u00e4paraten auf Hyalurons\u00e4urebasis anzubieten. Diese Produkte werden in der \u00e4sthetischen Medizin zur Behandlung von Falten, Volumenaufbau und Lippenvergr\u00f6\u00dferung verwendet. Unser Angebot umfasst auch Peelings, Produkte f\u00fcr die Mesotherapie, sowie Zubeh\u00f6r und Verbrauchsmaterialien.\",\"email\":\"kontakt@hyamarkt.de\",\"telephone\":\"+49 511 653 91 799\",\"legalName\":\"EB Beautywell Trading GmbH\"}]}<\/script>\n<!-- \/ Yoast SEO Premium plugin. -->","yoast_head_json":{"title":"Appendix for calculating delivery times - HyaMarkt","robots":{"index":"index","follow":"follow","max-snippet":"max-snippet:-1","max-image-preview":"max-image-preview:large","max-video-preview":"max-video-preview:-1"},"canonical":"https:\/\/www.hyamarkt.de\/en\/appendix-for-calculating-delivery-times\/\/","og_locale":"en_US","og_type":"article","og_title":"Appendix for calculating delivery times","og_description":"All orders are processed exclusively on working days, Monday to Friday, between 9:00 a.m. and 2:00 p.m. Standard delivery typically takes 2-3 business days. After the first unsuccessful delivery attempt, the driver may take the package to a parcel shop or branch. In this case, the package must be picked up from the parcel shop [&hellip;]","og_url":"https:\/\/www.hyamarkt.de\/en\/appendix-for-calculating-delivery-times\/","og_site_name":"HyaMarkt","article_modified_time":"2025-04-07T05:37:54+00:00","twitter_card":"summary_large_image","twitter_misc":{"Est. reading time":"3 minutes"},"schema":{"@context":"https:\/\/schema.org","@graph":[{"@type":"WebPage","@id":"https:\/\/www.hyamarkt.de\/en\/appendix-for-calculating-delivery-times\/","url":"https:\/\/www.hyamarkt.de\/en\/appendix-for-calculating-delivery-times\/","name":"Appendix for calculating delivery times - HyaMarkt","isPartOf":{"@id":"https:\/\/www.hyamarkt.de\/en\/#website"},"datePublished":"2019-06-18T07:56:04+00:00","dateModified":"2025-04-07T05:37:54+00:00","breadcrumb":{"@id":"https:\/\/www.hyamarkt.de\/en\/appendix-for-calculating-delivery-times\/#breadcrumb"},"inLanguage":"en-US","potentialAction":[{"@type":"ReadAction","target":["https:\/\/www.hyamarkt.de\/en\/appendix-for-calculating-delivery-times\/"]}]},{"@type":"BreadcrumbList","@id":"https:\/\/www.hyamarkt.de\/en\/appendix-for-calculating-delivery-times\/#breadcrumb","itemListElement":[{"@type":"ListItem","position":1,"name":"Startseite","item":"https:\/\/www.hyamarkt.de\/en\/"},{"@type":"ListItem","position":2,"name":"Appendix for calculating delivery times"}]},{"@type":"WebSite","@id":"https:\/\/www.hyamarkt.de\/en\/#website","url":"https:\/\/www.hyamarkt.de\/en\/","name":"HyaMarkt","description":"","publisher":{"@id":"https:\/\/www.hyamarkt.de\/en\/#organization"},"potentialAction":[{"@type":"SearchAction","target":{"@type":"EntryPoint","urlTemplate":"https:\/\/www.hyamarkt.de\/en\/?s={search_term_string}"},"query-input":{"@type":"PropertyValueSpecification","valueRequired":true,"valueName":"search_term_string"}}],"inLanguage":"en-US"},{"@type":"Organization","@id":"https:\/\/www.hyamarkt.de\/en\/#organization","name":"HyaMarkt","url":"https:\/\/www.hyamarkt.de\/en\/","logo":{"@type":"ImageObject","inLanguage":"en-US","@id":"https:\/\/www.hyamarkt.de\/en\/#\/schema\/logo\/image\/","url":"https:\/\/www.hyamarkt.de\/wp-content\/uploads\/2025\/10\/Hyamarkt-.png","contentUrl":"https:\/\/www.hyamarkt.de\/wp-content\/uploads\/2025\/10\/Hyamarkt-.png","width":696,"height":696,"caption":"HyaMarkt"},"image":{"@id":"https:\/\/www.hyamarkt.de\/en\/#\/schema\/logo\/image\/"},"description":"HyaMarkt ist dein Online Shop f\u00fcr die \u00e4sthetische Medizin. 10 Jahre Erfahrung im Bereich Sch\u00f6nheitsprodukte. F\u00fchrender Online-Shop f\u00fcr \u00e4sthetische Medizinprodukte. Unser Sortiment umfasst hochwertige Produkte, die Ihren \u00e4sthetischen Bed\u00fcrfnissen gerecht werden. Wir bieten eine Vielzahl von Injektionspr\u00e4paraten auf Hyalurons\u00e4urebasis anzubieten. Diese Produkte werden in der \u00e4sthetischen Medizin zur Behandlung von Falten, Volumenaufbau und Lippenvergr\u00f6\u00dferung verwendet. Unser Angebot umfasst auch Peelings, Produkte f\u00fcr die Mesotherapie, sowie Zubeh\u00f6r und Verbrauchsmaterialien.","email":"kontakt@hyamarkt.de","telephone":"+49 511 653 91 799","legalName":"EB Beautywell Trading GmbH"}]}},"jetpack_sharing_enabled":true,"_links":{"self":[{"href":"https:\/\/www.hyamarkt.de\/en\/wp-json\/wp\/v2\/pages\/30553","targetHints":{"allow":["GET"]}}],"collection":[{"href":"https:\/\/www.hyamarkt.de\/en\/wp-json\/wp\/v2\/pages"}],"about":[{"href":"https:\/\/www.hyamarkt.de\/en\/wp-json\/wp\/v2\/types\/page"}],"author":[{"embeddable":true,"href":"https:\/\/www.hyamarkt.de\/en\/wp-json\/wp\/v2\/users\/1628"}],"replies":[{"embeddable":true,"href":"https:\/\/www.hyamarkt.de\/en\/wp-json\/wp\/v2\/comments?post=30553"}],"version-history":[{"count":1,"href":"https:\/\/www.hyamarkt.de\/en\/wp-json\/wp\/v2\/pages\/30553\/revisions"}],"predecessor-version":[{"id":30554,"href":"https:\/\/www.hyamarkt.de\/en\/wp-json\/wp\/v2\/pages\/30553\/revisions\/30554"}],"wp:attachment":[{"href":"https:\/\/www.hyamarkt.de\/en\/wp-json\/wp\/v2\/media?parent=30553"}],"curies":[{"name":"wp","href":"https:\/\/api.w.org\/{rel}","templated":true}]}}