{"id":30454,"date":"2019-03-16T23:34:53","date_gmt":"2019-03-16T22:34:53","guid":{"rendered":"https:\/\/www.hyamarkt.de\/?page_id=30454"},"modified":"2025-04-05T08:41:41","modified_gmt":"2025-04-05T06:41:41","slug":"about-us","status":"publish","type":"page","link":"https:\/\/www.hyamarkt.de\/en\/about-us\/","title":{"rendered":"About us"},"content":{"rendered":"\r\n<p><strong>EB Beautywell Trading GmbH<\/strong> was founded by a group of professionals from the aesthetics industry.<\/p>\r\n\r\n\r\n\r\n<p>With over 10 years of experience, market knowledge, and understanding of our customers&#8217; needs, we have created a broad portfolio of products and services to meet all our customers&#8217; requirements and expectations.<\/p>\r\n\r\n\r\n\r\n<figure class=\"wp-block-image\"><img loading=\"lazy\" decoding=\"async\" width=\"1169\" height=\"480\" class=\"wp-image-28\" title=\"uber-uns\" src=\"http:\/\/www.hyamarkt.de\/wp-content\/uploads\/2019\/03\/uber-uns.jpg\" alt=\"About us at HyaMarkt\" \/><\/figure>\r\n\r\n\r\n\r\n<p>With over 10 years of experience, market knowledge, and understanding of our customers&#8217; needs, we have created a broad portfolio of products and services to meet all our customers&#8217; requirements and expectations.<\/p>\r\n\r\n\r\n\r\n<p>We constantly monitor the growing trends and hot newsmakers in the market to maintain a clear perspective on the current situation and business development opportunities.<\/p>\r\n\r\n\r\n\r\n<p>We always do our best to improve the high standards of our service.<\/p>\r\n\r\n\r\n\r\n<p>We deliver products to our customers as quickly as possible while striving to maintain more than competitive prices.<\/p>\r\n\r\n\r\n\r\n<p>In this way, we share our potential for success and growth with our customers.<\/p>\r\n\r\n\r\n\r\n<p>If you are looking for a reliable source for cosmetic and aesthetic medical supplies, just come to us and you will not be disappointed.<\/p>\r\n","protected":false},"excerpt":{"rendered":"<p>EB Beautywell Trading GmbH was founded by a group of professionals from the aesthetics industry. With over 10 years of experience, market knowledge, and understanding of our customers&#8217; needs, we have created a broad portfolio of products and services to meet all our customers&#8217; requirements and expectations. With over 10 years of experience, market knowledge, [&hellip;]<\/p>\n","protected":false},"author":1628,"featured_media":23956,"parent":0,"menu_order":0,"comment_status":"closed","ping_status":"closed","template":"","meta":{"_acf_changed":false,"footnotes":""},"class_list":["post-30454","page","type-page","status-publish","has-post-thumbnail","hentry"],"acf":[],"yoast_head":"<!-- This site is optimized with the Yoast SEO Premium plugin v27.1 (Yoast SEO v27.3) - https:\/\/yoast.com\/product\/yoast-seo-premium-wordpress\/ -->\n<title>About us - HyaMarkt<\/title>\n<meta name=\"robots\" content=\"index, follow, max-snippet:-1, max-image-preview:large, max-video-preview:-1\" \/>\n<link rel=\"canonical\" href=\"https:\/\/www.hyamarkt.de\/en\/about-us\/\/\" \/>\n<meta property=\"og:locale\" content=\"en_US\" \/>\n<meta property=\"og:type\" content=\"article\" \/>\n<meta property=\"og:title\" content=\"About us\" \/>\n<meta property=\"og:description\" content=\"EB Beautywell Trading GmbH was founded by a group of professionals from the aesthetics industry. With over 10 years of experience, market knowledge, and understanding of our customers&#8217; needs, we have created a broad portfolio of products and services to meet all our customers&#8217; requirements and expectations. With over 10 years of experience, market knowledge, [&hellip;]\" \/>\n<meta property=\"og:url\" content=\"https:\/\/www.hyamarkt.de\/en\/about-us\/\" \/>\n<meta property=\"og:site_name\" content=\"HyaMarkt\" \/>\n<meta property=\"article:modified_time\" content=\"2025-04-05T06:41:41+00:00\" \/>\n<meta property=\"og:image\" content=\"https:\/\/www.hyamarkt.de\/wp-content\/uploads\/2019\/03\/uber-uns_02.jpg\" \/>\n\t<meta property=\"og:image:width\" content=\"1920\" \/>\n\t<meta property=\"og:image:height\" content=\"320\" \/>\n\t<meta property=\"og:image:type\" content=\"image\/jpeg\" \/>\n<meta name=\"twitter:card\" content=\"summary_large_image\" \/>\n<meta name=\"twitter:label1\" content=\"Est. reading time\" \/>\n\t<meta name=\"twitter:data1\" content=\"2 minutes\" \/>\n<script type=\"application\/ld+json\" class=\"yoast-schema-graph\">{\"@context\":\"https:\\\/\\\/schema.org\",\"@graph\":[{\"@type\":\"WebPage\",\"@id\":\"https:\\\/\\\/www.hyamarkt.de\\\/en\\\/about-us\\\/\",\"url\":\"https:\\\/\\\/www.hyamarkt.de\\\/en\\\/about-us\\\/\",\"name\":\"About us - HyaMarkt\",\"isPartOf\":{\"@id\":\"https:\\\/\\\/www.hyamarkt.de\\\/en\\\/#website\"},\"primaryImageOfPage\":{\"@id\":\"https:\\\/\\\/www.hyamarkt.de\\\/en\\\/about-us\\\/#primaryimage\"},\"image\":{\"@id\":\"https:\\\/\\\/www.hyamarkt.de\\\/en\\\/about-us\\\/#primaryimage\"},\"thumbnailUrl\":\"https:\\\/\\\/www.hyamarkt.de\\\/wp-content\\\/uploads\\\/2019\\\/03\\\/uber-uns_02.jpg\",\"datePublished\":\"2019-03-16T22:34:53+00:00\",\"dateModified\":\"2025-04-05T06:41:41+00:00\",\"breadcrumb\":{\"@id\":\"https:\\\/\\\/www.hyamarkt.de\\\/en\\\/about-us\\\/#breadcrumb\"},\"inLanguage\":\"en-US\",\"potentialAction\":[{\"@type\":\"ReadAction\",\"target\":[\"https:\\\/\\\/www.hyamarkt.de\\\/en\\\/about-us\\\/\"]}]},{\"@type\":\"ImageObject\",\"inLanguage\":\"en-US\",\"@id\":\"https:\\\/\\\/www.hyamarkt.de\\\/en\\\/about-us\\\/#primaryimage\",\"url\":\"https:\\\/\\\/www.hyamarkt.de\\\/wp-content\\\/uploads\\\/2019\\\/03\\\/uber-uns_02.jpg\",\"contentUrl\":\"https:\\\/\\\/www.hyamarkt.de\\\/wp-content\\\/uploads\\\/2019\\\/03\\\/uber-uns_02.jpg\",\"width\":1920,\"height\":320,\"caption\":\"uber-uns_02\"},{\"@type\":\"BreadcrumbList\",\"@id\":\"https:\\\/\\\/www.hyamarkt.de\\\/en\\\/about-us\\\/#breadcrumb\",\"itemListElement\":[{\"@type\":\"ListItem\",\"position\":1,\"name\":\"Startseite\",\"item\":\"https:\\\/\\\/www.hyamarkt.de\\\/en\\\/\"},{\"@type\":\"ListItem\",\"position\":2,\"name\":\"About us\"}]},{\"@type\":\"WebSite\",\"@id\":\"https:\\\/\\\/www.hyamarkt.de\\\/en\\\/#website\",\"url\":\"https:\\\/\\\/www.hyamarkt.de\\\/en\\\/\",\"name\":\"HyaMarkt\",\"description\":\"\",\"publisher\":{\"@id\":\"https:\\\/\\\/www.hyamarkt.de\\\/en\\\/#organization\"},\"potentialAction\":[{\"@type\":\"SearchAction\",\"target\":{\"@type\":\"EntryPoint\",\"urlTemplate\":\"https:\\\/\\\/www.hyamarkt.de\\\/en\\\/?s={search_term_string}\"},\"query-input\":{\"@type\":\"PropertyValueSpecification\",\"valueRequired\":true,\"valueName\":\"search_term_string\"}}],\"inLanguage\":\"en-US\"},{\"@type\":\"Organization\",\"@id\":\"https:\\\/\\\/www.hyamarkt.de\\\/en\\\/#organization\",\"name\":\"HyaMarkt\",\"url\":\"https:\\\/\\\/www.hyamarkt.de\\\/en\\\/\",\"logo\":{\"@type\":\"ImageObject\",\"inLanguage\":\"en-US\",\"@id\":\"https:\\\/\\\/www.hyamarkt.de\\\/en\\\/#\\\/schema\\\/logo\\\/image\\\/\",\"url\":\"https:\\\/\\\/www.hyamarkt.de\\\/wp-content\\\/uploads\\\/2025\\\/10\\\/Hyamarkt-.png\",\"contentUrl\":\"https:\\\/\\\/www.hyamarkt.de\\\/wp-content\\\/uploads\\\/2025\\\/10\\\/Hyamarkt-.png\",\"width\":696,\"height\":696,\"caption\":\"HyaMarkt\"},\"image\":{\"@id\":\"https:\\\/\\\/www.hyamarkt.de\\\/en\\\/#\\\/schema\\\/logo\\\/image\\\/\"},\"description\":\"HyaMarkt ist dein Online Shop f\u00fcr die \u00e4sthetische Medizin. 10 Jahre Erfahrung im Bereich Sch\u00f6nheitsprodukte. F\u00fchrender Online-Shop f\u00fcr \u00e4sthetische Medizinprodukte. Unser Sortiment umfasst hochwertige Produkte, die Ihren \u00e4sthetischen Bed\u00fcrfnissen gerecht werden. Wir bieten eine Vielzahl von Injektionspr\u00e4paraten auf Hyalurons\u00e4urebasis anzubieten. Diese Produkte werden in der \u00e4sthetischen Medizin zur Behandlung von Falten, Volumenaufbau und Lippenvergr\u00f6\u00dferung verwendet. Unser Angebot umfasst auch Peelings, Produkte f\u00fcr die Mesotherapie, sowie Zubeh\u00f6r und Verbrauchsmaterialien.\",\"email\":\"kontakt@hyamarkt.de\",\"telephone\":\"+49 511 653 91 799\",\"legalName\":\"EB Beautywell Trading GmbH\"}]}<\/script>\n<!-- \/ Yoast SEO Premium plugin. -->","yoast_head_json":{"title":"About us - HyaMarkt","robots":{"index":"index","follow":"follow","max-snippet":"max-snippet:-1","max-image-preview":"max-image-preview:large","max-video-preview":"max-video-preview:-1"},"canonical":"https:\/\/www.hyamarkt.de\/en\/about-us\/\/","og_locale":"en_US","og_type":"article","og_title":"About us","og_description":"EB Beautywell Trading GmbH was founded by a group of professionals from the aesthetics industry. With over 10 years of experience, market knowledge, and understanding of our customers&#8217; needs, we have created a broad portfolio of products and services to meet all our customers&#8217; requirements and expectations. With over 10 years of experience, market knowledge, [&hellip;]","og_url":"https:\/\/www.hyamarkt.de\/en\/about-us\/","og_site_name":"HyaMarkt","article_modified_time":"2025-04-05T06:41:41+00:00","og_image":[{"width":1920,"height":320,"url":"https:\/\/www.hyamarkt.de\/wp-content\/uploads\/2019\/03\/uber-uns_02.jpg","type":"image\/jpeg"}],"twitter_card":"summary_large_image","twitter_misc":{"Est. reading time":"2 minutes"},"schema":{"@context":"https:\/\/schema.org","@graph":[{"@type":"WebPage","@id":"https:\/\/www.hyamarkt.de\/en\/about-us\/","url":"https:\/\/www.hyamarkt.de\/en\/about-us\/","name":"About us - HyaMarkt","isPartOf":{"@id":"https:\/\/www.hyamarkt.de\/en\/#website"},"primaryImageOfPage":{"@id":"https:\/\/www.hyamarkt.de\/en\/about-us\/#primaryimage"},"image":{"@id":"https:\/\/www.hyamarkt.de\/en\/about-us\/#primaryimage"},"thumbnailUrl":"https:\/\/www.hyamarkt.de\/wp-content\/uploads\/2019\/03\/uber-uns_02.jpg","datePublished":"2019-03-16T22:34:53+00:00","dateModified":"2025-04-05T06:41:41+00:00","breadcrumb":{"@id":"https:\/\/www.hyamarkt.de\/en\/about-us\/#breadcrumb"},"inLanguage":"en-US","potentialAction":[{"@type":"ReadAction","target":["https:\/\/www.hyamarkt.de\/en\/about-us\/"]}]},{"@type":"ImageObject","inLanguage":"en-US","@id":"https:\/\/www.hyamarkt.de\/en\/about-us\/#primaryimage","url":"https:\/\/www.hyamarkt.de\/wp-content\/uploads\/2019\/03\/uber-uns_02.jpg","contentUrl":"https:\/\/www.hyamarkt.de\/wp-content\/uploads\/2019\/03\/uber-uns_02.jpg","width":1920,"height":320,"caption":"uber-uns_02"},{"@type":"BreadcrumbList","@id":"https:\/\/www.hyamarkt.de\/en\/about-us\/#breadcrumb","itemListElement":[{"@type":"ListItem","position":1,"name":"Startseite","item":"https:\/\/www.hyamarkt.de\/en\/"},{"@type":"ListItem","position":2,"name":"About us"}]},{"@type":"WebSite","@id":"https:\/\/www.hyamarkt.de\/en\/#website","url":"https:\/\/www.hyamarkt.de\/en\/","name":"HyaMarkt","description":"","publisher":{"@id":"https:\/\/www.hyamarkt.de\/en\/#organization"},"potentialAction":[{"@type":"SearchAction","target":{"@type":"EntryPoint","urlTemplate":"https:\/\/www.hyamarkt.de\/en\/?s={search_term_string}"},"query-input":{"@type":"PropertyValueSpecification","valueRequired":true,"valueName":"search_term_string"}}],"inLanguage":"en-US"},{"@type":"Organization","@id":"https:\/\/www.hyamarkt.de\/en\/#organization","name":"HyaMarkt","url":"https:\/\/www.hyamarkt.de\/en\/","logo":{"@type":"ImageObject","inLanguage":"en-US","@id":"https:\/\/www.hyamarkt.de\/en\/#\/schema\/logo\/image\/","url":"https:\/\/www.hyamarkt.de\/wp-content\/uploads\/2025\/10\/Hyamarkt-.png","contentUrl":"https:\/\/www.hyamarkt.de\/wp-content\/uploads\/2025\/10\/Hyamarkt-.png","width":696,"height":696,"caption":"HyaMarkt"},"image":{"@id":"https:\/\/www.hyamarkt.de\/en\/#\/schema\/logo\/image\/"},"description":"HyaMarkt ist dein Online Shop f\u00fcr die \u00e4sthetische Medizin. 10 Jahre Erfahrung im Bereich Sch\u00f6nheitsprodukte. F\u00fchrender Online-Shop f\u00fcr \u00e4sthetische Medizinprodukte. Unser Sortiment umfasst hochwertige Produkte, die Ihren \u00e4sthetischen Bed\u00fcrfnissen gerecht werden. Wir bieten eine Vielzahl von Injektionspr\u00e4paraten auf Hyalurons\u00e4urebasis anzubieten. Diese Produkte werden in der \u00e4sthetischen Medizin zur Behandlung von Falten, Volumenaufbau und Lippenvergr\u00f6\u00dferung verwendet. Unser Angebot umfasst auch Peelings, Produkte f\u00fcr die Mesotherapie, sowie Zubeh\u00f6r und Verbrauchsmaterialien.","email":"kontakt@hyamarkt.de","telephone":"+49 511 653 91 799","legalName":"EB Beautywell Trading GmbH"}]}},"jetpack_sharing_enabled":true,"_links":{"self":[{"href":"https:\/\/www.hyamarkt.de\/en\/wp-json\/wp\/v2\/pages\/30454","targetHints":{"allow":["GET"]}}],"collection":[{"href":"https:\/\/www.hyamarkt.de\/en\/wp-json\/wp\/v2\/pages"}],"about":[{"href":"https:\/\/www.hyamarkt.de\/en\/wp-json\/wp\/v2\/types\/page"}],"author":[{"embeddable":true,"href":"https:\/\/www.hyamarkt.de\/en\/wp-json\/wp\/v2\/users\/1628"}],"replies":[{"embeddable":true,"href":"https:\/\/www.hyamarkt.de\/en\/wp-json\/wp\/v2\/comments?post=30454"}],"version-history":[{"count":3,"href":"https:\/\/www.hyamarkt.de\/en\/wp-json\/wp\/v2\/pages\/30454\/revisions"}],"predecessor-version":[{"id":30472,"href":"https:\/\/www.hyamarkt.de\/en\/wp-json\/wp\/v2\/pages\/30454\/revisions\/30472"}],"wp:featuredmedia":[{"embeddable":true,"href":"https:\/\/www.hyamarkt.de\/en\/wp-json\/wp\/v2\/media\/23956"}],"wp:attachment":[{"href":"https:\/\/www.hyamarkt.de\/en\/wp-json\/wp\/v2\/media?parent=30454"}],"curies":[{"name":"wp","href":"https:\/\/api.w.org\/{rel}","templated":true}]}}