{"id":30346,"date":"2019-03-09T21:54:07","date_gmt":"2019-03-09T20:54:07","guid":{"rendered":"https:\/\/www.hyamarkt.de\/cart\/"},"modified":"2025-04-04T08:51:38","modified_gmt":"2025-04-04T06:51:38","slug":"cart","status":"publish","type":"page","link":"https:\/\/www.hyamarkt.de\/en\/cart\/","title":{"rendered":"Cart"},"content":{"rendered":"\n","protected":false},"excerpt":{"rendered":"","protected":false},"author":1628,"featured_media":0,"parent":0,"menu_order":0,"comment_status":"closed","ping_status":"closed","template":"","meta":{"_acf_changed":false,"footnotes":""},"class_list":["post-30346","page","type-page","status-publish","hentry"],"acf":[],"yoast_head":"<!-- This site is optimized with the Yoast SEO Premium plugin v27.1 (Yoast SEO v27.3) - https:\/\/yoast.com\/product\/yoast-seo-premium-wordpress\/ -->\n<title>Cart - HyaMarkt<\/title>\n<meta name=\"robots\" content=\"index, follow, max-snippet:-1, max-image-preview:large, max-video-preview:-1\" \/>\n<link rel=\"canonical\" href=\"https:\/\/www.hyamarkt.de\/en\/cart\/\/\" \/>\n<meta property=\"og:locale\" content=\"en_US\" \/>\n<meta property=\"og:type\" content=\"article\" \/>\n<meta property=\"og:title\" content=\"Cart\" \/>\n<meta property=\"og:url\" content=\"https:\/\/www.hyamarkt.de\/en\/cart\/\" \/>\n<meta property=\"og:site_name\" content=\"HyaMarkt\" \/>\n<meta property=\"article:modified_time\" content=\"2025-04-04T06:51:38+00:00\" \/>\n<meta name=\"twitter:card\" content=\"summary_large_image\" \/>\n<script type=\"application\/ld+json\" class=\"yoast-schema-graph\">{\"@context\":\"https:\\\/\\\/schema.org\",\"@graph\":[{\"@type\":\"WebPage\",\"@id\":\"https:\\\/\\\/www.hyamarkt.de\\\/en\\\/cart\\\/\",\"url\":\"https:\\\/\\\/www.hyamarkt.de\\\/en\\\/cart\\\/\",\"name\":\"Cart - HyaMarkt\",\"isPartOf\":{\"@id\":\"https:\\\/\\\/www.hyamarkt.de\\\/en\\\/#website\"},\"datePublished\":\"2019-03-09T20:54:07+00:00\",\"dateModified\":\"2025-04-04T06:51:38+00:00\",\"breadcrumb\":{\"@id\":\"https:\\\/\\\/www.hyamarkt.de\\\/en\\\/cart\\\/#breadcrumb\"},\"inLanguage\":\"en-US\",\"potentialAction\":[{\"@type\":\"ReadAction\",\"target\":[\"https:\\\/\\\/www.hyamarkt.de\\\/en\\\/cart\\\/\"]}]},{\"@type\":\"BreadcrumbList\",\"@id\":\"https:\\\/\\\/www.hyamarkt.de\\\/en\\\/cart\\\/#breadcrumb\",\"itemListElement\":[{\"@type\":\"ListItem\",\"position\":1,\"name\":\"Startseite\",\"item\":\"https:\\\/\\\/www.hyamarkt.de\\\/en\\\/\"},{\"@type\":\"ListItem\",\"position\":2,\"name\":\"Cart\"}]},{\"@type\":\"WebSite\",\"@id\":\"https:\\\/\\\/www.hyamarkt.de\\\/en\\\/#website\",\"url\":\"https:\\\/\\\/www.hyamarkt.de\\\/en\\\/\",\"name\":\"HyaMarkt\",\"description\":\"\",\"publisher\":{\"@id\":\"https:\\\/\\\/www.hyamarkt.de\\\/en\\\/#organization\"},\"potentialAction\":[{\"@type\":\"SearchAction\",\"target\":{\"@type\":\"EntryPoint\",\"urlTemplate\":\"https:\\\/\\\/www.hyamarkt.de\\\/en\\\/?s={search_term_string}\"},\"query-input\":{\"@type\":\"PropertyValueSpecification\",\"valueRequired\":true,\"valueName\":\"search_term_string\"}}],\"inLanguage\":\"en-US\"},{\"@type\":\"Organization\",\"@id\":\"https:\\\/\\\/www.hyamarkt.de\\\/en\\\/#organization\",\"name\":\"HyaMarkt\",\"url\":\"https:\\\/\\\/www.hyamarkt.de\\\/en\\\/\",\"logo\":{\"@type\":\"ImageObject\",\"inLanguage\":\"en-US\",\"@id\":\"https:\\\/\\\/www.hyamarkt.de\\\/en\\\/#\\\/schema\\\/logo\\\/image\\\/\",\"url\":\"https:\\\/\\\/www.hyamarkt.de\\\/wp-content\\\/uploads\\\/2025\\\/10\\\/Hyamarkt-.png\",\"contentUrl\":\"https:\\\/\\\/www.hyamarkt.de\\\/wp-content\\\/uploads\\\/2025\\\/10\\\/Hyamarkt-.png\",\"width\":696,\"height\":696,\"caption\":\"HyaMarkt\"},\"image\":{\"@id\":\"https:\\\/\\\/www.hyamarkt.de\\\/en\\\/#\\\/schema\\\/logo\\\/image\\\/\"},\"description\":\"HyaMarkt ist dein Online Shop f\u00fcr die \u00e4sthetische Medizin. 10 Jahre Erfahrung im Bereich Sch\u00f6nheitsprodukte. F\u00fchrender Online-Shop f\u00fcr \u00e4sthetische Medizinprodukte. Unser Sortiment umfasst hochwertige Produkte, die Ihren \u00e4sthetischen Bed\u00fcrfnissen gerecht werden. Wir bieten eine Vielzahl von Injektionspr\u00e4paraten auf Hyalurons\u00e4urebasis anzubieten. Diese Produkte werden in der \u00e4sthetischen Medizin zur Behandlung von Falten, Volumenaufbau und Lippenvergr\u00f6\u00dferung verwendet. Unser Angebot umfasst auch Peelings, Produkte f\u00fcr die Mesotherapie, sowie Zubeh\u00f6r und Verbrauchsmaterialien.\",\"email\":\"kontakt@hyamarkt.de\",\"telephone\":\"+49 511 653 91 799\",\"legalName\":\"EB Beautywell Trading GmbH\"}]}<\/script>\n<!-- \/ Yoast SEO Premium plugin. -->","yoast_head_json":{"title":"Cart - HyaMarkt","robots":{"index":"index","follow":"follow","max-snippet":"max-snippet:-1","max-image-preview":"max-image-preview:large","max-video-preview":"max-video-preview:-1"},"canonical":"https:\/\/www.hyamarkt.de\/en\/cart\/\/","og_locale":"en_US","og_type":"article","og_title":"Cart","og_url":"https:\/\/www.hyamarkt.de\/en\/cart\/","og_site_name":"HyaMarkt","article_modified_time":"2025-04-04T06:51:38+00:00","twitter_card":"summary_large_image","schema":{"@context":"https:\/\/schema.org","@graph":[{"@type":"WebPage","@id":"https:\/\/www.hyamarkt.de\/en\/cart\/","url":"https:\/\/www.hyamarkt.de\/en\/cart\/","name":"Cart - HyaMarkt","isPartOf":{"@id":"https:\/\/www.hyamarkt.de\/en\/#website"},"datePublished":"2019-03-09T20:54:07+00:00","dateModified":"2025-04-04T06:51:38+00:00","breadcrumb":{"@id":"https:\/\/www.hyamarkt.de\/en\/cart\/#breadcrumb"},"inLanguage":"en-US","potentialAction":[{"@type":"ReadAction","target":["https:\/\/www.hyamarkt.de\/en\/cart\/"]}]},{"@type":"BreadcrumbList","@id":"https:\/\/www.hyamarkt.de\/en\/cart\/#breadcrumb","itemListElement":[{"@type":"ListItem","position":1,"name":"Startseite","item":"https:\/\/www.hyamarkt.de\/en\/"},{"@type":"ListItem","position":2,"name":"Cart"}]},{"@type":"WebSite","@id":"https:\/\/www.hyamarkt.de\/en\/#website","url":"https:\/\/www.hyamarkt.de\/en\/","name":"HyaMarkt","description":"","publisher":{"@id":"https:\/\/www.hyamarkt.de\/en\/#organization"},"potentialAction":[{"@type":"SearchAction","target":{"@type":"EntryPoint","urlTemplate":"https:\/\/www.hyamarkt.de\/en\/?s={search_term_string}"},"query-input":{"@type":"PropertyValueSpecification","valueRequired":true,"valueName":"search_term_string"}}],"inLanguage":"en-US"},{"@type":"Organization","@id":"https:\/\/www.hyamarkt.de\/en\/#organization","name":"HyaMarkt","url":"https:\/\/www.hyamarkt.de\/en\/","logo":{"@type":"ImageObject","inLanguage":"en-US","@id":"https:\/\/www.hyamarkt.de\/en\/#\/schema\/logo\/image\/","url":"https:\/\/www.hyamarkt.de\/wp-content\/uploads\/2025\/10\/Hyamarkt-.png","contentUrl":"https:\/\/www.hyamarkt.de\/wp-content\/uploads\/2025\/10\/Hyamarkt-.png","width":696,"height":696,"caption":"HyaMarkt"},"image":{"@id":"https:\/\/www.hyamarkt.de\/en\/#\/schema\/logo\/image\/"},"description":"HyaMarkt ist dein Online Shop f\u00fcr die \u00e4sthetische Medizin. 10 Jahre Erfahrung im Bereich Sch\u00f6nheitsprodukte. F\u00fchrender Online-Shop f\u00fcr \u00e4sthetische Medizinprodukte. Unser Sortiment umfasst hochwertige Produkte, die Ihren \u00e4sthetischen Bed\u00fcrfnissen gerecht werden. Wir bieten eine Vielzahl von Injektionspr\u00e4paraten auf Hyalurons\u00e4urebasis anzubieten. Diese Produkte werden in der \u00e4sthetischen Medizin zur Behandlung von Falten, Volumenaufbau und Lippenvergr\u00f6\u00dferung verwendet. Unser Angebot umfasst auch Peelings, Produkte f\u00fcr die Mesotherapie, sowie Zubeh\u00f6r und Verbrauchsmaterialien.","email":"kontakt@hyamarkt.de","telephone":"+49 511 653 91 799","legalName":"EB Beautywell Trading GmbH"}]}},"jetpack_sharing_enabled":true,"_links":{"self":[{"href":"https:\/\/www.hyamarkt.de\/en\/wp-json\/wp\/v2\/pages\/30346","targetHints":{"allow":["GET"]}}],"collection":[{"href":"https:\/\/www.hyamarkt.de\/en\/wp-json\/wp\/v2\/pages"}],"about":[{"href":"https:\/\/www.hyamarkt.de\/en\/wp-json\/wp\/v2\/types\/page"}],"author":[{"embeddable":true,"href":"https:\/\/www.hyamarkt.de\/en\/wp-json\/wp\/v2\/users\/1628"}],"replies":[{"embeddable":true,"href":"https:\/\/www.hyamarkt.de\/en\/wp-json\/wp\/v2\/comments?post=30346"}],"version-history":[{"count":0,"href":"https:\/\/www.hyamarkt.de\/en\/wp-json\/wp\/v2\/pages\/30346\/revisions"}],"wp:attachment":[{"href":"https:\/\/www.hyamarkt.de\/en\/wp-json\/wp\/v2\/media?parent=30346"}],"curies":[{"name":"wp","href":"https:\/\/api.w.org\/{rel}","templated":true}]}}